{"id":7716,"date":"2019-10-08T11:45:07","date_gmt":"2019-10-08T11:45:07","guid":{"rendered":"https:\/\/www.yepafrica.org\/what-we-stand-for-2\/"},"modified":"2023-11-27T13:43:43","modified_gmt":"2023-11-27T13:43:43","slug":"notre-vision","status":"publish","type":"page","link":"https:\/\/www.yepafrica.org\/fr\/notre-vision\/","title":{"rendered":"Notre Vision"},"content":{"rendered":"<div id=\"pl-7716\"  class=\"panel-layout\" ><div id=\"pg-7716-0\"  class=\"panel-grid panel-no-style\" ><div id=\"pgc-7716-0-0\"  class=\"panel-grid-cell panel-grid-cell-mobile-last\" ><div id=\"panel-7716-0-0-0\" class=\"so-panel widget widget_sow-image panel-first-child\" data-index=\"0\" ><div\n\t\t\t\n\t\t\tclass=\"so-widget-sow-image so-widget-sow-image-default-dbf295114b96-7716\"\n\t\t\t\n\t\t>\n<div class=\"sow-image-container\">\n\t\t<img \n\tsrc=\"https:\/\/www.yepafrica.org\/wp-content\/uploads\/2023\/11\/IMG_6097.jpg\" width=\"938\" height=\"1251\" srcset=\"https:\/\/www.yepafrica.org\/wp-content\/uploads\/2023\/11\/IMG_6097.jpg 938w, https:\/\/www.yepafrica.org\/wp-content\/uploads\/2023\/11\/IMG_6097-225x300.jpg 225w, https:\/\/www.yepafrica.org\/wp-content\/uploads\/2023\/11\/IMG_6097-768x1024.jpg 768w, https:\/\/www.yepafrica.org\/wp-content\/uploads\/2023\/11\/IMG_6097-600x800.jpg 600w\" sizes=\"(max-width: 938px) 100vw, 938px\" alt=\"\" \t\tclass=\"so-widget-image\"\/>\n\t<\/div>\n\n<\/div><\/div><div id=\"panel-7716-0-0-1\" class=\"so-panel widget widget_black-studio-tinymce widget_black_studio_tinymce\" data-index=\"1\" ><div class=\"textwidget\"><p>Notre mission consiste \u00e0 faire des jeunes des activateurs du changement au service du monde en favorisant leur \u00e9mancipation.<\/p>\n<p>Yepafrica contribue efficacement \u00e0 la r\u00e9duction du ch\u00f4mage des jeunes et de la migration irr\u00e9guli\u00e8re en Afrique subsaharienne. Le ch\u00f4mage des jeunes \u00e9tant la principale cause de pauvret\u00e9 accablante et de migration ill\u00e9gale, nous examinons les causes profondes du ch\u00f4mage et de la migration irr\u00e9guli\u00e8re et utilisons diverses approches, en nous concentrant principalement sur l'\u00e9mancipation des jeunes.<\/p>\n<p>Les valeurs fondamentales de Yepafrica se r\u00e9sument en \u00ab\u00a0nos 4\u00a0E\u00a0\u00bb\u00a0:<\/p>\n<p>\u00c9MANCIPATION<\/p>\n<p>ENTREPRENEURIAT<\/p>\n<p>\u00c9THIQUE<\/p>\n<p>\u00c9GALIT\u00c9<\/p>\n<p>&nbsp;<\/p>\n<\/div><\/div><div id=\"panel-7716-0-0-2\" class=\"so-panel widget widget_sow-image panel-last-child\" data-index=\"2\" ><div\n\t\t\t\n\t\t\tclass=\"so-widget-sow-image so-widget-sow-image-default-dbf295114b96-7716\"\n\t\t\t\n\t\t>\n<div class=\"sow-image-container\">\n\t\t<img \n\tsrc=\"https:\/\/www.yepafrica.org\/wp-content\/uploads\/2023\/11\/IMG_8021.png\" width=\"1191\" height=\"842\" srcset=\"https:\/\/www.yepafrica.org\/wp-content\/uploads\/2023\/11\/IMG_8021.png 1191w, https:\/\/www.yepafrica.org\/wp-content\/uploads\/2023\/11\/IMG_8021-300x212.png 300w, https:\/\/www.yepafrica.org\/wp-content\/uploads\/2023\/11\/IMG_8021-1024x724.png 1024w, https:\/\/www.yepafrica.org\/wp-content\/uploads\/2023\/11\/IMG_8021-768x543.png 768w, https:\/\/www.yepafrica.org\/wp-content\/uploads\/2023\/11\/IMG_8021-600x424.png 600w\" sizes=\"(max-width: 1191px) 100vw, 1191px\" alt=\"\" \t\tclass=\"so-widget-image\"\/>\n\t<\/div>\n\n<\/div><\/div><\/div><div id=\"pgc-7716-0-1\"  class=\"panel-grid-cell panel-grid-cell-empty\" ><\/div><\/div><\/div>","protected":false},"excerpt":{"rendered":"<p>Notre mission consiste \u00e0 faire des jeunes des activateurs du changement au service du monde en favorisant leur \u00e9mancipation. Yepafrica contribue efficacement \u00e0 la r\u00e9duction du ch\u00f4mage des jeunes et de la migration irr\u00e9guli\u00e8re en Afrique subsaharienne. Le ch\u00f4mage des jeunes \u00e9tant la principale cause de pauvret\u00e9 accablante et de [&hellip;]<\/p>\n","protected":false},"author":1,"featured_media":0,"parent":0,"menu_order":0,"comment_status":"closed","ping_status":"closed","template":"","meta":{"footnotes":""},"class_list":["post-7716","page","type-page","status-publish","hentry"],"yoast_head":"<!-- This site is optimized with the Yoast SEO plugin v27.1.1 - https:\/\/yoast.com\/product\/yoast-seo-wordpress\/ -->\n<title>Notre Vision - Yep Africa<\/title>\n<meta name=\"robots\" content=\"index, follow, max-snippet:-1, max-image-preview:large, max-video-preview:-1\" \/>\n<link rel=\"canonical\" href=\"https:\/\/www.yepafrica.org\/fr\/notre-vision\/\" \/>\n<meta property=\"og:locale\" content=\"fr_FR\" \/>\n<meta property=\"og:type\" content=\"article\" \/>\n<meta property=\"og:title\" content=\"Notre Vision - Yep Africa\" \/>\n<meta property=\"og:description\" content=\"Notre mission consiste \u00e0 faire des jeunes des activateurs du changement au service du monde en favorisant leur \u00e9mancipation. Yepafrica contribue efficacement \u00e0 la r\u00e9duction du ch\u00f4mage des jeunes et de la migration irr\u00e9guli\u00e8re en Afrique subsaharienne. Le ch\u00f4mage des jeunes \u00e9tant la principale cause de pauvret\u00e9 accablante et de [&hellip;]\" \/>\n<meta property=\"og:url\" content=\"https:\/\/www.yepafrica.org\/fr\/notre-vision\/\" \/>\n<meta property=\"og:site_name\" content=\"Yep Africa\" \/>\n<meta property=\"article:modified_time\" content=\"2023-11-27T13:43:43+00:00\" \/>\n<meta name=\"twitter:card\" content=\"summary_large_image\" \/>\n<meta name=\"twitter:label1\" content=\"Dur\u00e9e de lecture estim\u00e9e\" \/>\n\t<meta name=\"twitter:data1\" content=\"1 minute\" \/>\n<script type=\"application\/ld+json\" class=\"yoast-schema-graph\">{\"@context\":\"https:\/\/schema.org\",\"@graph\":[{\"@type\":\"WebPage\",\"@id\":\"https:\/\/www.yepafrica.org\/fr\/notre-vision\/\",\"url\":\"https:\/\/www.yepafrica.org\/fr\/notre-vision\/\",\"name\":\"Notre Vision - Yep Africa\",\"isPartOf\":{\"@id\":\"https:\/\/www.yepafrica.org\/#website\"},\"datePublished\":\"2019-10-08T11:45:07+00:00\",\"dateModified\":\"2023-11-27T13:43:43+00:00\",\"breadcrumb\":{\"@id\":\"https:\/\/www.yepafrica.org\/fr\/notre-vision\/#breadcrumb\"},\"inLanguage\":\"fr-FR\",\"potentialAction\":[{\"@type\":\"ReadAction\",\"target\":[\"https:\/\/www.yepafrica.org\/fr\/notre-vision\/\"]}]},{\"@type\":\"BreadcrumbList\",\"@id\":\"https:\/\/www.yepafrica.org\/fr\/notre-vision\/#breadcrumb\",\"itemListElement\":[{\"@type\":\"ListItem\",\"position\":1,\"name\":\"Home\",\"item\":\"https:\/\/www.yepafrica.org\/fr\/\"},{\"@type\":\"ListItem\",\"position\":2,\"name\":\"Notre Vision\"}]},{\"@type\":\"WebSite\",\"@id\":\"https:\/\/www.yepafrica.org\/#website\",\"url\":\"https:\/\/www.yepafrica.org\/\",\"name\":\"Yep Africa\",\"description\":\"We empower to be the change\",\"potentialAction\":[{\"@type\":\"SearchAction\",\"target\":{\"@type\":\"EntryPoint\",\"urlTemplate\":\"https:\/\/www.yepafrica.org\/?s={search_term_string}\"},\"query-input\":{\"@type\":\"PropertyValueSpecification\",\"valueRequired\":true,\"valueName\":\"search_term_string\"}}],\"inLanguage\":\"fr-FR\"}]}<\/script>\n<!-- \/ Yoast SEO plugin. -->","yoast_head_json":{"title":"Notre Vision - Yep Africa","robots":{"index":"index","follow":"follow","max-snippet":"max-snippet:-1","max-image-preview":"max-image-preview:large","max-video-preview":"max-video-preview:-1"},"canonical":"https:\/\/www.yepafrica.org\/fr\/notre-vision\/","og_locale":"fr_FR","og_type":"article","og_title":"Notre Vision - Yep Africa","og_description":"Notre mission consiste \u00e0 faire des jeunes des activateurs du changement au service du monde en favorisant leur \u00e9mancipation. Yepafrica contribue efficacement \u00e0 la r\u00e9duction du ch\u00f4mage des jeunes et de la migration irr\u00e9guli\u00e8re en Afrique subsaharienne. Le ch\u00f4mage des jeunes \u00e9tant la principale cause de pauvret\u00e9 accablante et de [&hellip;]","og_url":"https:\/\/www.yepafrica.org\/fr\/notre-vision\/","og_site_name":"Yep Africa","article_modified_time":"2023-11-27T13:43:43+00:00","twitter_card":"summary_large_image","twitter_misc":{"Dur\u00e9e de lecture estim\u00e9e":"1 minute"},"schema":{"@context":"https:\/\/schema.org","@graph":[{"@type":"WebPage","@id":"https:\/\/www.yepafrica.org\/fr\/notre-vision\/","url":"https:\/\/www.yepafrica.org\/fr\/notre-vision\/","name":"Notre Vision - Yep Africa","isPartOf":{"@id":"https:\/\/www.yepafrica.org\/#website"},"datePublished":"2019-10-08T11:45:07+00:00","dateModified":"2023-11-27T13:43:43+00:00","breadcrumb":{"@id":"https:\/\/www.yepafrica.org\/fr\/notre-vision\/#breadcrumb"},"inLanguage":"fr-FR","potentialAction":[{"@type":"ReadAction","target":["https:\/\/www.yepafrica.org\/fr\/notre-vision\/"]}]},{"@type":"BreadcrumbList","@id":"https:\/\/www.yepafrica.org\/fr\/notre-vision\/#breadcrumb","itemListElement":[{"@type":"ListItem","position":1,"name":"Home","item":"https:\/\/www.yepafrica.org\/fr\/"},{"@type":"ListItem","position":2,"name":"Notre Vision"}]},{"@type":"WebSite","@id":"https:\/\/www.yepafrica.org\/#website","url":"https:\/\/www.yepafrica.org\/","name":"Yep Africa","description":"We empower to be the change","potentialAction":[{"@type":"SearchAction","target":{"@type":"EntryPoint","urlTemplate":"https:\/\/www.yepafrica.org\/?s={search_term_string}"},"query-input":{"@type":"PropertyValueSpecification","valueRequired":true,"valueName":"search_term_string"}}],"inLanguage":"fr-FR"}]}},"_links":{"self":[{"href":"https:\/\/www.yepafrica.org\/fr\/wp-json\/wp\/v2\/pages\/7716","targetHints":{"allow":["GET"]}}],"collection":[{"href":"https:\/\/www.yepafrica.org\/fr\/wp-json\/wp\/v2\/pages"}],"about":[{"href":"https:\/\/www.yepafrica.org\/fr\/wp-json\/wp\/v2\/types\/page"}],"author":[{"embeddable":true,"href":"https:\/\/www.yepafrica.org\/fr\/wp-json\/wp\/v2\/users\/1"}],"replies":[{"embeddable":true,"href":"https:\/\/www.yepafrica.org\/fr\/wp-json\/wp\/v2\/comments?post=7716"}],"version-history":[{"count":4,"href":"https:\/\/www.yepafrica.org\/fr\/wp-json\/wp\/v2\/pages\/7716\/revisions"}],"predecessor-version":[{"id":8865,"href":"https:\/\/www.yepafrica.org\/fr\/wp-json\/wp\/v2\/pages\/7716\/revisions\/8865"}],"wp:attachment":[{"href":"https:\/\/www.yepafrica.org\/fr\/wp-json\/wp\/v2\/media?parent=7716"}],"curies":[{"name":"wp","href":"https:\/\/api.w.org\/{rel}","templated":true}]}}