{"id":7722,"date":"2019-10-09T18:23:17","date_gmt":"2019-10-09T18:23:17","guid":{"rendered":"https:\/\/www.yepafrica.org\/what-we-do\/"},"modified":"2023-11-27T13:50:27","modified_gmt":"2023-11-27T13:50:27","slug":"notre-action","status":"publish","type":"page","link":"https:\/\/www.yepafrica.org\/fr\/notre-action\/","title":{"rendered":"Notre action"},"content":{"rendered":"<div id=\"pl-7722\"  class=\"panel-layout\" ><div id=\"pg-7722-0\"  class=\"panel-grid panel-no-style\" ><div id=\"pgc-7722-0-0\"  class=\"panel-grid-cell panel-grid-cell-mobile-last\" ><div id=\"panel-7722-0-0-0\" class=\"so-panel widget widget_sow-image panel-first-child\" data-index=\"0\" ><div\n\t\t\t\n\t\t\tclass=\"so-widget-sow-image so-widget-sow-image-default-dbf295114b96-7722\"\n\t\t\t\n\t\t>\n<div class=\"sow-image-container\">\n\t\t<img \n\tsrc=\"https:\/\/www.yepafrica.org\/wp-content\/uploads\/2016\/02\/IMG_0508.jpg\" width=\"4032\" height=\"3024\" srcset=\"https:\/\/www.yepafrica.org\/wp-content\/uploads\/2016\/02\/IMG_0508.jpg 4032w, https:\/\/www.yepafrica.org\/wp-content\/uploads\/2016\/02\/IMG_0508-300x225.jpg 300w, https:\/\/www.yepafrica.org\/wp-content\/uploads\/2016\/02\/IMG_0508-768x576.jpg 768w, https:\/\/www.yepafrica.org\/wp-content\/uploads\/2016\/02\/IMG_0508-1024x768.jpg 1024w, https:\/\/www.yepafrica.org\/wp-content\/uploads\/2016\/02\/IMG_0508-600x450.jpg 600w\" sizes=\"(max-width: 4032px) 100vw, 4032px\" alt=\"\" \t\tclass=\"so-widget-image\"\/>\n\t<\/div>\n\n<\/div><\/div><div id=\"panel-7722-0-0-1\" class=\"so-panel widget widget_black-studio-tinymce widget_black_studio_tinymce\" data-index=\"1\" ><div class=\"textwidget\"><p>&nbsp;<\/p>\n<p>Gr\u00e2ce \u00e0 la motivation intrins\u00e8que, nous donnons \u00e0 la jeunesse africaine les moyens de prendre la responsabilit\u00e9 de son existence et de son propre avenir, d'une mani\u00e8re active et soigneusement \u00e9tudi\u00e9e.<\/p>\n<p>&nbsp;<\/p>\n<p><span style=\"color: #c9002f; font-size: 24px;\">Comment?<\/span><\/p>\n<p>&nbsp;<\/p>\n<p>En proposant aux jeunes ayant fini ou quitt\u00e9 l'\u00e9cole des programmes de formation ax\u00e9s sur l'\u00e9mancipation et l'entrepreneuriat dans nos Centres d'apprentissage. Ces centres sont exploit\u00e9s et g\u00e9r\u00e9s par des jeunes qui ont \u00e9t\u00e9 rigoureusement s\u00e9lectionn\u00e9s et form\u00e9s \u00e0 cette fin. Apr\u00e8s avoir suivi nos programmes de formation, ces jeunes entrepreneurs ont la possibilit\u00e9 de faire partie du R\u00e9seau des jeunes entrepreneurs. L\u00e0, ils peuvent trouver l'inspiration et devenir eux-m\u00eames source d'inspiration.<\/p>\n<p>Ils amorcent alors un mouvement d'exemplarit\u00e9 en tant qu'acteurs du changement pour les autres jeunes et pour leurs communaut\u00e9s. De mani\u00e8re tr\u00e8s durable et naturelle, ils font prendre conscience aux autres qu'il est possible de sortir de la pauvret\u00e9 pour se cr\u00e9er un avenir.<\/p>\n<p>Notre objectif est que le nombre croissant de membres du R\u00e9seau des entrepreneurs sociaux parrainent nos Centres d'apprentissage. Cela cr\u00e9erait une cha\u00eene de valeur aliment\u00e9e par l'augmentation de la fr\u00e9quentation des centres et du nombre d'entrepreneurs, et entra\u00eenerait une r\u00e9duction significative du ch\u00f4mage des jeunes sous l'effet de la cr\u00e9ation d'emplois.<\/p>\n<p>Les jeunes, activateurs du changement!<\/p>\n<p>&nbsp;<\/p>\n<\/div><\/div><div id=\"panel-7722-0-0-2\" class=\"so-panel widget widget_sow-image panel-last-child\" data-index=\"2\" ><div\n\t\t\t\n\t\t\tclass=\"so-widget-sow-image so-widget-sow-image-default-dbf295114b96-7722\"\n\t\t\t\n\t\t>\n<div class=\"sow-image-container\">\n\t\t<img \n\tsrc=\"https:\/\/www.yepafrica.org\/wp-content\/uploads\/2023\/11\/IMG_7460.jpg\" width=\"480\" height=\"640\" srcset=\"https:\/\/www.yepafrica.org\/wp-content\/uploads\/2023\/11\/IMG_7460.jpg 480w, https:\/\/www.yepafrica.org\/wp-content\/uploads\/2023\/11\/IMG_7460-225x300.jpg 225w\" sizes=\"(max-width: 480px) 100vw, 480px\" alt=\"\" \t\tclass=\"so-widget-image\"\/>\n\t<\/div>\n\n<\/div><\/div><\/div><div id=\"pgc-7722-0-1\"  class=\"panel-grid-cell panel-grid-cell-empty\" ><\/div><\/div><\/div>","protected":false},"excerpt":{"rendered":"<p>&nbsp; Gr\u00e2ce \u00e0 la motivation intrins\u00e8que, nous donnons \u00e0 la jeunesse africaine les moyens de prendre la responsabilit\u00e9 de son existence et de son propre avenir, d&rsquo;une mani\u00e8re active et soigneusement \u00e9tudi\u00e9e. &nbsp; Comment? &nbsp; En proposant aux jeunes ayant fini ou quitt\u00e9 l&rsquo;\u00e9cole des programmes de formation ax\u00e9s sur [&hellip;]<\/p>\n","protected":false},"author":1,"featured_media":0,"parent":0,"menu_order":0,"comment_status":"closed","ping_status":"closed","template":"","meta":{"footnotes":""},"class_list":["post-7722","page","type-page","status-publish","hentry"],"yoast_head":"<!-- This site is optimized with the Yoast SEO plugin v27.1.1 - https:\/\/yoast.com\/product\/yoast-seo-wordpress\/ -->\n<title>Notre action - Yep Africa<\/title>\n<meta name=\"robots\" content=\"index, follow, max-snippet:-1, max-image-preview:large, max-video-preview:-1\" \/>\n<link rel=\"canonical\" href=\"https:\/\/www.yepafrica.org\/fr\/notre-action\/\" \/>\n<meta property=\"og:locale\" content=\"fr_FR\" \/>\n<meta property=\"og:type\" content=\"article\" \/>\n<meta property=\"og:title\" content=\"Notre action - Yep Africa\" \/>\n<meta property=\"og:description\" content=\"&nbsp; Gr\u00e2ce \u00e0 la motivation intrins\u00e8que, nous donnons \u00e0 la jeunesse africaine les moyens de prendre la responsabilit\u00e9 de son existence et de son propre avenir, d&#039;une mani\u00e8re active et soigneusement \u00e9tudi\u00e9e. &nbsp; Comment? &nbsp; En proposant aux jeunes ayant fini ou quitt\u00e9 l&#039;\u00e9cole des programmes de formation ax\u00e9s sur [&hellip;]\" \/>\n<meta property=\"og:url\" content=\"https:\/\/www.yepafrica.org\/fr\/notre-action\/\" \/>\n<meta property=\"og:site_name\" content=\"Yep Africa\" \/>\n<meta property=\"article:modified_time\" content=\"2023-11-27T13:50:27+00:00\" \/>\n<meta name=\"twitter:card\" content=\"summary_large_image\" \/>\n<meta name=\"twitter:label1\" content=\"Dur\u00e9e de lecture estim\u00e9e\" \/>\n\t<meta name=\"twitter:data1\" content=\"1 minute\" \/>\n<script type=\"application\/ld+json\" class=\"yoast-schema-graph\">{\"@context\":\"https:\/\/schema.org\",\"@graph\":[{\"@type\":\"WebPage\",\"@id\":\"https:\/\/www.yepafrica.org\/fr\/notre-action\/\",\"url\":\"https:\/\/www.yepafrica.org\/fr\/notre-action\/\",\"name\":\"Notre action - Yep Africa\",\"isPartOf\":{\"@id\":\"https:\/\/www.yepafrica.org\/#website\"},\"datePublished\":\"2019-10-09T18:23:17+00:00\",\"dateModified\":\"2023-11-27T13:50:27+00:00\",\"breadcrumb\":{\"@id\":\"https:\/\/www.yepafrica.org\/fr\/notre-action\/#breadcrumb\"},\"inLanguage\":\"fr-FR\",\"potentialAction\":[{\"@type\":\"ReadAction\",\"target\":[\"https:\/\/www.yepafrica.org\/fr\/notre-action\/\"]}]},{\"@type\":\"BreadcrumbList\",\"@id\":\"https:\/\/www.yepafrica.org\/fr\/notre-action\/#breadcrumb\",\"itemListElement\":[{\"@type\":\"ListItem\",\"position\":1,\"name\":\"Home\",\"item\":\"https:\/\/www.yepafrica.org\/fr\/\"},{\"@type\":\"ListItem\",\"position\":2,\"name\":\"Notre action\"}]},{\"@type\":\"WebSite\",\"@id\":\"https:\/\/www.yepafrica.org\/#website\",\"url\":\"https:\/\/www.yepafrica.org\/\",\"name\":\"Yep Africa\",\"description\":\"We empower to be the change\",\"potentialAction\":[{\"@type\":\"SearchAction\",\"target\":{\"@type\":\"EntryPoint\",\"urlTemplate\":\"https:\/\/www.yepafrica.org\/?s={search_term_string}\"},\"query-input\":{\"@type\":\"PropertyValueSpecification\",\"valueRequired\":true,\"valueName\":\"search_term_string\"}}],\"inLanguage\":\"fr-FR\"}]}<\/script>\n<!-- \/ Yoast SEO plugin. -->","yoast_head_json":{"title":"Notre action - Yep Africa","robots":{"index":"index","follow":"follow","max-snippet":"max-snippet:-1","max-image-preview":"max-image-preview:large","max-video-preview":"max-video-preview:-1"},"canonical":"https:\/\/www.yepafrica.org\/fr\/notre-action\/","og_locale":"fr_FR","og_type":"article","og_title":"Notre action - Yep Africa","og_description":"&nbsp; Gr\u00e2ce \u00e0 la motivation intrins\u00e8que, nous donnons \u00e0 la jeunesse africaine les moyens de prendre la responsabilit\u00e9 de son existence et de son propre avenir, d'une mani\u00e8re active et soigneusement \u00e9tudi\u00e9e. &nbsp; Comment? &nbsp; En proposant aux jeunes ayant fini ou quitt\u00e9 l'\u00e9cole des programmes de formation ax\u00e9s sur [&hellip;]","og_url":"https:\/\/www.yepafrica.org\/fr\/notre-action\/","og_site_name":"Yep Africa","article_modified_time":"2023-11-27T13:50:27+00:00","twitter_card":"summary_large_image","twitter_misc":{"Dur\u00e9e de lecture estim\u00e9e":"1 minute"},"schema":{"@context":"https:\/\/schema.org","@graph":[{"@type":"WebPage","@id":"https:\/\/www.yepafrica.org\/fr\/notre-action\/","url":"https:\/\/www.yepafrica.org\/fr\/notre-action\/","name":"Notre action - Yep Africa","isPartOf":{"@id":"https:\/\/www.yepafrica.org\/#website"},"datePublished":"2019-10-09T18:23:17+00:00","dateModified":"2023-11-27T13:50:27+00:00","breadcrumb":{"@id":"https:\/\/www.yepafrica.org\/fr\/notre-action\/#breadcrumb"},"inLanguage":"fr-FR","potentialAction":[{"@type":"ReadAction","target":["https:\/\/www.yepafrica.org\/fr\/notre-action\/"]}]},{"@type":"BreadcrumbList","@id":"https:\/\/www.yepafrica.org\/fr\/notre-action\/#breadcrumb","itemListElement":[{"@type":"ListItem","position":1,"name":"Home","item":"https:\/\/www.yepafrica.org\/fr\/"},{"@type":"ListItem","position":2,"name":"Notre action"}]},{"@type":"WebSite","@id":"https:\/\/www.yepafrica.org\/#website","url":"https:\/\/www.yepafrica.org\/","name":"Yep Africa","description":"We empower to be the change","potentialAction":[{"@type":"SearchAction","target":{"@type":"EntryPoint","urlTemplate":"https:\/\/www.yepafrica.org\/?s={search_term_string}"},"query-input":{"@type":"PropertyValueSpecification","valueRequired":true,"valueName":"search_term_string"}}],"inLanguage":"fr-FR"}]}},"_links":{"self":[{"href":"https:\/\/www.yepafrica.org\/fr\/wp-json\/wp\/v2\/pages\/7722","targetHints":{"allow":["GET"]}}],"collection":[{"href":"https:\/\/www.yepafrica.org\/fr\/wp-json\/wp\/v2\/pages"}],"about":[{"href":"https:\/\/www.yepafrica.org\/fr\/wp-json\/wp\/v2\/types\/page"}],"author":[{"embeddable":true,"href":"https:\/\/www.yepafrica.org\/fr\/wp-json\/wp\/v2\/users\/1"}],"replies":[{"embeddable":true,"href":"https:\/\/www.yepafrica.org\/fr\/wp-json\/wp\/v2\/comments?post=7722"}],"version-history":[{"count":6,"href":"https:\/\/www.yepafrica.org\/fr\/wp-json\/wp\/v2\/pages\/7722\/revisions"}],"predecessor-version":[{"id":8881,"href":"https:\/\/www.yepafrica.org\/fr\/wp-json\/wp\/v2\/pages\/7722\/revisions\/8881"}],"wp:attachment":[{"href":"https:\/\/www.yepafrica.org\/fr\/wp-json\/wp\/v2\/media?parent=7722"}],"curies":[{"name":"wp","href":"https:\/\/api.w.org\/{rel}","templated":true}]}}