{"id":7734,"date":"2019-10-09T18:33:19","date_gmt":"2019-10-09T18:33:19","guid":{"rendered":"https:\/\/www.yepafrica.org\/who-we-are\/"},"modified":"2023-11-27T13:54:51","modified_gmt":"2023-11-27T13:54:51","slug":"qui-sommes-nous","status":"publish","type":"page","link":"https:\/\/www.yepafrica.org\/fr\/qui-sommes-nous\/","title":{"rendered":"Qui sommes-nous"},"content":{"rendered":"<div id=\"pl-7734\"  class=\"panel-layout\" ><div id=\"pg-7734-0\"  class=\"panel-grid panel-no-style\" ><div id=\"pgc-7734-0-0\"  class=\"panel-grid-cell panel-grid-cell-mobile-last\" ><div id=\"panel-7734-0-0-0\" class=\"so-panel widget widget_black-studio-tinymce widget_black_studio_tinymce panel-first-child\" data-index=\"0\" ><div class=\"textwidget\"><p>&nbsp;<\/p>\n<p>Yepafrica a \u00e9t\u00e9 fond\u00e9e en\u00a02007 par Paul\u00a0Engelsman, un responsable des ressources humaines et entrepreneur social ayant travaill\u00e9 pour Shell, Van\u00a0Melle, MEXX et Vlisco. La fondation YEP a \u00e9t\u00e9 enregistr\u00e9e aux Pays-Bas en mai\u00a02008.<\/p>\n<p>&nbsp;<\/p>\n<p><strong>UN PAYS O\u00d9 LA JEUNESSE N'A PAS D'AVENIR EST UN PAYS SANS AVENIR<\/strong><\/p>\n<p>&nbsp;<\/p>\n<p>YEP signifie \u00ab\u00a0<strong>Y<\/strong>outh\u00a0<strong>E<\/strong>m<strong>P<\/strong>owerment \u00bb (\u00e9mancipation des jeunes). Nous sommes devenus un acteur majeur du d\u00e9veloppement de l'\u00e9mancipation des jeunes et de l'entrepreneuriat.\u00a0 Nos ann\u00e9es d'exp\u00e9rience en mati\u00e8re d'\u00e9mancipation des jeunes en Gambie nous ont montr\u00e9 que les jeunes poss\u00e9dant une bonne estime d'eux-m\u00eames sont en capacit\u00e9 de changer la vie de leurs familles, de leurs communaut\u00e9s et m\u00eame de villages et r\u00e9gions entiers.<\/p>\n<p>Nous consid\u00e9rons les jeunes comme les premiers acteurs d'un changement durable et de l'ind\u00e9pendance des pays en d\u00e9veloppement. C'est la raison pour laquelle tous nos programmes se concentrent sur l'investissement pour l'\u00e9mancipation des jeunes.<\/p>\n<p>Nous exploitons des centres de formation en Gambie, au S\u00e9n\u00e9gal et au Ghana. Notre plan pour les ann\u00e9es \u00e0 venir est d'avoir 10 centres op\u00e9rationnels dans ces pays.<\/p>\n<p>Le conseil d'administration de Yepafrica compte maximum 5 membres. Il est financ\u00e9 par des sponsors et des entrepreneurs priv\u00e9s. Gr\u00e2ce au soutien de nombreux b\u00e9n\u00e9voles, des universit\u00e9s n\u00e9erlandaises et d'entrepreneurs, Yepafrica parvient \u00e0 mener toutes ses activit\u00e9s sur la base du b\u00e9n\u00e9volat. Les seuls membres du personnel r\u00e9mun\u00e9r\u00e9s sont bas\u00e9s en Afrique.<\/p>\n<\/div><\/div><div id=\"panel-7734-0-0-1\" class=\"so-panel widget widget_sow-image panel-last-child\" data-index=\"1\" ><div\n\t\t\t\n\t\t\tclass=\"so-widget-sow-image so-widget-sow-image-default-8b5b6f678277-7734\"\n\t\t\t\n\t\t>\n<div class=\"sow-image-container\">\n\t\t<img \n\tsrc=\"https:\/\/www.yepafrica.org\/wp-content\/uploads\/2023\/11\/IMG_6120.jpg\" width=\"896\" height=\"700\" srcset=\"https:\/\/www.yepafrica.org\/wp-content\/uploads\/2023\/11\/IMG_6120.jpg 896w, https:\/\/www.yepafrica.org\/wp-content\/uploads\/2023\/11\/IMG_6120-300x234.jpg 300w, https:\/\/www.yepafrica.org\/wp-content\/uploads\/2023\/11\/IMG_6120-768x600.jpg 768w, https:\/\/www.yepafrica.org\/wp-content\/uploads\/2023\/11\/IMG_6120-600x469.jpg 600w\" sizes=\"(max-width: 896px) 100vw, 896px\" alt=\"\" \t\tclass=\"so-widget-image\"\/>\n\t<\/div>\n\n<\/div><\/div><\/div><div id=\"pgc-7734-0-1\"  class=\"panel-grid-cell panel-grid-cell-empty\" ><\/div><\/div><\/div>","protected":false},"excerpt":{"rendered":"<p>&nbsp; Yepafrica a \u00e9t\u00e9 fond\u00e9e en\u00a02007 par Paul\u00a0Engelsman, un responsable des ressources humaines et entrepreneur social ayant travaill\u00e9 pour Shell, Van\u00a0Melle, MEXX et Vlisco. La fondation YEP a \u00e9t\u00e9 enregistr\u00e9e aux Pays-Bas en mai\u00a02008. &nbsp; UN PAYS O\u00d9 LA JEUNESSE N&rsquo;A PAS D&rsquo;AVENIR EST UN PAYS SANS AVENIR &nbsp; YEP [&hellip;]<\/p>\n","protected":false},"author":1,"featured_media":0,"parent":0,"menu_order":0,"comment_status":"closed","ping_status":"closed","template":"","meta":{"footnotes":""},"class_list":["post-7734","page","type-page","status-publish","hentry"],"yoast_head":"<!-- This site is optimized with the Yoast SEO plugin v27.1.1 - https:\/\/yoast.com\/product\/yoast-seo-wordpress\/ -->\n<title>Qui sommes-nous - Yep Africa<\/title>\n<meta name=\"robots\" content=\"index, follow, max-snippet:-1, max-image-preview:large, max-video-preview:-1\" \/>\n<link rel=\"canonical\" href=\"https:\/\/www.yepafrica.org\/fr\/qui-sommes-nous\/\" \/>\n<meta property=\"og:locale\" content=\"fr_FR\" \/>\n<meta property=\"og:type\" content=\"article\" \/>\n<meta property=\"og:title\" content=\"Qui sommes-nous - Yep Africa\" \/>\n<meta property=\"og:description\" content=\"&nbsp; Yepafrica a \u00e9t\u00e9 fond\u00e9e en\u00a02007 par Paul\u00a0Engelsman, un responsable des ressources humaines et entrepreneur social ayant travaill\u00e9 pour Shell, Van\u00a0Melle, MEXX et Vlisco. La fondation YEP a \u00e9t\u00e9 enregistr\u00e9e aux Pays-Bas en mai\u00a02008. &nbsp; UN PAYS O\u00d9 LA JEUNESSE N&#039;A PAS D&#039;AVENIR EST UN PAYS SANS AVENIR &nbsp; YEP [&hellip;]\" \/>\n<meta property=\"og:url\" content=\"https:\/\/www.yepafrica.org\/fr\/qui-sommes-nous\/\" \/>\n<meta property=\"og:site_name\" content=\"Yep Africa\" \/>\n<meta property=\"article:modified_time\" content=\"2023-11-27T13:54:51+00:00\" \/>\n<meta name=\"twitter:card\" content=\"summary_large_image\" \/>\n<meta name=\"twitter:label1\" content=\"Dur\u00e9e de lecture estim\u00e9e\" \/>\n\t<meta name=\"twitter:data1\" content=\"2 minutes\" \/>\n<script type=\"application\/ld+json\" class=\"yoast-schema-graph\">{\"@context\":\"https:\/\/schema.org\",\"@graph\":[{\"@type\":\"WebPage\",\"@id\":\"https:\/\/www.yepafrica.org\/fr\/qui-sommes-nous\/\",\"url\":\"https:\/\/www.yepafrica.org\/fr\/qui-sommes-nous\/\",\"name\":\"Qui sommes-nous - Yep Africa\",\"isPartOf\":{\"@id\":\"https:\/\/www.yepafrica.org\/#website\"},\"datePublished\":\"2019-10-09T18:33:19+00:00\",\"dateModified\":\"2023-11-27T13:54:51+00:00\",\"breadcrumb\":{\"@id\":\"https:\/\/www.yepafrica.org\/fr\/qui-sommes-nous\/#breadcrumb\"},\"inLanguage\":\"fr-FR\",\"potentialAction\":[{\"@type\":\"ReadAction\",\"target\":[\"https:\/\/www.yepafrica.org\/fr\/qui-sommes-nous\/\"]}]},{\"@type\":\"BreadcrumbList\",\"@id\":\"https:\/\/www.yepafrica.org\/fr\/qui-sommes-nous\/#breadcrumb\",\"itemListElement\":[{\"@type\":\"ListItem\",\"position\":1,\"name\":\"Home\",\"item\":\"https:\/\/www.yepafrica.org\/fr\/\"},{\"@type\":\"ListItem\",\"position\":2,\"name\":\"Qui sommes-nous\"}]},{\"@type\":\"WebSite\",\"@id\":\"https:\/\/www.yepafrica.org\/#website\",\"url\":\"https:\/\/www.yepafrica.org\/\",\"name\":\"Yep Africa\",\"description\":\"We empower to be the change\",\"potentialAction\":[{\"@type\":\"SearchAction\",\"target\":{\"@type\":\"EntryPoint\",\"urlTemplate\":\"https:\/\/www.yepafrica.org\/?s={search_term_string}\"},\"query-input\":{\"@type\":\"PropertyValueSpecification\",\"valueRequired\":true,\"valueName\":\"search_term_string\"}}],\"inLanguage\":\"fr-FR\"}]}<\/script>\n<!-- \/ Yoast SEO plugin. -->","yoast_head_json":{"title":"Qui sommes-nous - Yep Africa","robots":{"index":"index","follow":"follow","max-snippet":"max-snippet:-1","max-image-preview":"max-image-preview:large","max-video-preview":"max-video-preview:-1"},"canonical":"https:\/\/www.yepafrica.org\/fr\/qui-sommes-nous\/","og_locale":"fr_FR","og_type":"article","og_title":"Qui sommes-nous - Yep Africa","og_description":"&nbsp; Yepafrica a \u00e9t\u00e9 fond\u00e9e en\u00a02007 par Paul\u00a0Engelsman, un responsable des ressources humaines et entrepreneur social ayant travaill\u00e9 pour Shell, Van\u00a0Melle, MEXX et Vlisco. La fondation YEP a \u00e9t\u00e9 enregistr\u00e9e aux Pays-Bas en mai\u00a02008. &nbsp; UN PAYS O\u00d9 LA JEUNESSE N'A PAS D'AVENIR EST UN PAYS SANS AVENIR &nbsp; YEP [&hellip;]","og_url":"https:\/\/www.yepafrica.org\/fr\/qui-sommes-nous\/","og_site_name":"Yep Africa","article_modified_time":"2023-11-27T13:54:51+00:00","twitter_card":"summary_large_image","twitter_misc":{"Dur\u00e9e de lecture estim\u00e9e":"2 minutes"},"schema":{"@context":"https:\/\/schema.org","@graph":[{"@type":"WebPage","@id":"https:\/\/www.yepafrica.org\/fr\/qui-sommes-nous\/","url":"https:\/\/www.yepafrica.org\/fr\/qui-sommes-nous\/","name":"Qui sommes-nous - Yep Africa","isPartOf":{"@id":"https:\/\/www.yepafrica.org\/#website"},"datePublished":"2019-10-09T18:33:19+00:00","dateModified":"2023-11-27T13:54:51+00:00","breadcrumb":{"@id":"https:\/\/www.yepafrica.org\/fr\/qui-sommes-nous\/#breadcrumb"},"inLanguage":"fr-FR","potentialAction":[{"@type":"ReadAction","target":["https:\/\/www.yepafrica.org\/fr\/qui-sommes-nous\/"]}]},{"@type":"BreadcrumbList","@id":"https:\/\/www.yepafrica.org\/fr\/qui-sommes-nous\/#breadcrumb","itemListElement":[{"@type":"ListItem","position":1,"name":"Home","item":"https:\/\/www.yepafrica.org\/fr\/"},{"@type":"ListItem","position":2,"name":"Qui sommes-nous"}]},{"@type":"WebSite","@id":"https:\/\/www.yepafrica.org\/#website","url":"https:\/\/www.yepafrica.org\/","name":"Yep Africa","description":"We empower to be the change","potentialAction":[{"@type":"SearchAction","target":{"@type":"EntryPoint","urlTemplate":"https:\/\/www.yepafrica.org\/?s={search_term_string}"},"query-input":{"@type":"PropertyValueSpecification","valueRequired":true,"valueName":"search_term_string"}}],"inLanguage":"fr-FR"}]}},"_links":{"self":[{"href":"https:\/\/www.yepafrica.org\/fr\/wp-json\/wp\/v2\/pages\/7734","targetHints":{"allow":["GET"]}}],"collection":[{"href":"https:\/\/www.yepafrica.org\/fr\/wp-json\/wp\/v2\/pages"}],"about":[{"href":"https:\/\/www.yepafrica.org\/fr\/wp-json\/wp\/v2\/types\/page"}],"author":[{"embeddable":true,"href":"https:\/\/www.yepafrica.org\/fr\/wp-json\/wp\/v2\/users\/1"}],"replies":[{"embeddable":true,"href":"https:\/\/www.yepafrica.org\/fr\/wp-json\/wp\/v2\/comments?post=7734"}],"version-history":[{"count":8,"href":"https:\/\/www.yepafrica.org\/fr\/wp-json\/wp\/v2\/pages\/7734\/revisions"}],"predecessor-version":[{"id":8888,"href":"https:\/\/www.yepafrica.org\/fr\/wp-json\/wp\/v2\/pages\/7734\/revisions\/8888"}],"wp:attachment":[{"href":"https:\/\/www.yepafrica.org\/fr\/wp-json\/wp\/v2\/media?parent=7734"}],"curies":[{"name":"wp","href":"https:\/\/api.w.org\/{rel}","templated":true}]}}