{"id":7770,"date":"2018-06-10T11:46:47","date_gmt":"2018-06-10T11:46:47","guid":{"rendered":"https:\/\/www.yepafrica.org\/gambia\/"},"modified":"2024-01-26T12:13:28","modified_gmt":"2024-01-26T12:13:28","slug":"gambia","status":"publish","type":"page","link":"https:\/\/www.yepafrica.org\/fr\/gambia\/","title":{"rendered":"Gambia"},"content":{"rendered":"<div id=\"pl-7770\"  class=\"panel-layout\" ><div id=\"pg-7770-0\"  class=\"panel-grid panel-no-style\" ><div id=\"pgc-7770-0-0\"  class=\"panel-grid-cell panel-grid-cell-mobile-last\" ><div id=\"panel-7770-0-0-0\" class=\"so-panel widget widget_black-studio-tinymce widget_black_studio_tinymce panel-first-child panel-last-child\" data-index=\"0\" ><div class=\"textwidget\"><p><span style=\"color: #c9002f; font-size: 24px;\"><strong>Gambie\u00a0<\/strong><\/span><\/p>\n<p>&nbsp;<\/p>\n<p>Le premier Centre d'apprentissage Yepafrica a ouvert ses portes en 2015 \u00e0 Brikama, en Gambie. Yepafrica promeut l'\u00e9mancipation des jeunes en Gambie depuis\u00a02007. Dans ce pays, Yepafrica est une organisation nationale pour la jeunesse rattach\u00e9e au Conseil national de la jeunesse. Elle est install\u00e9e dans le Centre d'apprentissage local pour l'\u00e9mancipation des jeunes \u00e0 Brikama, l\u00e0 o\u00f9 notre \u00e9quipe forme les jeunes.<\/p>\n<p>Les cours de formation incluent \u00ab\u00a0Fondamentaux de l'\u00e9mancipation et entrepreneuriat\u00a0\u00bb, \u00ab\u00a0D\u00e9veloppement d'un business plan\u00a0\u00bb et \u00ab\u00a0D\u00e9veloppement des talents\u00a0\u00bb. Ils ont tous en commun de sensibiliser sur la question de la migration irr\u00e9guli\u00e8re. Notre \u00e9quipe gambienne se compose de trois \u00ab\u00a0Yeppers\u00a0\u00bb salari\u00e9s, qui g\u00e8rent le centre d'apprentissage.<\/p>\n<p>Nous travaillons aussi avec sept formateurs ind\u00e9pendants. Yepafrica en Gambie forme 300 jeunes par an. Parmi eux, 85\u00a0% sont maintenant employ\u00e9s ou ont d\u00e9marr\u00e9 leur propre entreprise. Aucun des jeunes ayant suivi nos cours de formation n'a tent\u00e9 de rejoindre l'Europe. Au total, nous avons sensibilis\u00e9 plus de 25\u00a0000\u00a0personnes.\u00a0Si vous souhaitez recevoir davantage d'informations, envoyez un e-mail \u00e0 notre Centre d'apprentissage local\u00a0:<a href=\"mailto:yep.africa@yahoo.com\"><strong>yep.africa@yahoo.com<\/strong><\/a><strong>\u00a0ou \u00e0\u00a0<\/strong><a href=\"mailto:serreh@yepafrica.org\"><strong>serreh@yepafrica.org<\/strong><\/a><\/p>\n<p>&nbsp;<\/p>\n<\/div><\/div><\/div><div id=\"pgc-7770-0-1\"  class=\"panel-grid-cell panel-grid-cell-empty\" ><\/div><\/div><div id=\"pg-7770-1\"  class=\"panel-grid panel-no-style\" ><div id=\"pgc-7770-1-0\"  class=\"panel-grid-cell\" ><div id=\"panel-7770-1-0-0\" class=\"so-panel widget widget_single-images panel-first-child\" data-index=\"1\" ><div class=\"thim-widget-single-images template-single-images\">\n<div class=\"thim-single-image no-effect\">\n\t<div class=\"wrapper-image\"><div class=\"single-image\"><img src =\"https:\/\/www.yepafrica.org\/wp-content\/uploads\/2024\/01\/IMG_6065.jpg\" width=\"1040\" height=\"780\" alt=\"image\"\/><\/div><\/div><\/div>\n<\/div><\/div><div id=\"panel-7770-1-0-1\" class=\"so-panel widget widget_single-images panel-last-child\" data-index=\"2\" ><div class=\"thim-widget-single-images template-single-images\">\n<div class=\"thim-single-image no-effect\">\n\t<div class=\"wrapper-image\"><div class=\"single-image\"><img src =\"https:\/\/www.yepafrica.org\/wp-content\/uploads\/2024\/01\/6c49b394-bb70-42d1-a709-21a931dd4cd4.jpg\" width=\"901\" height=\"676\" alt=\"image\"\/><\/div><\/div><\/div>\n<\/div><\/div><\/div><div id=\"pgc-7770-1-1\"  class=\"panel-grid-cell\" ><div id=\"panel-7770-1-1-0\" class=\"so-panel widget widget_single-images panel-first-child\" data-index=\"3\" ><div class=\"thim-widget-single-images template-single-images\">\n<div class=\"thim-single-image no-effect\">\n\t<div class=\"wrapper-image\"><div class=\"single-image\"><img src =\"https:\/\/www.yepafrica.org\/wp-content\/uploads\/2024\/01\/e9b25bac-17e9-4ac7-b28d-f09009984918.jpg\" width=\"1600\" height=\"1200\" alt=\"image\"\/><\/div><\/div><\/div>\n<\/div><\/div><div id=\"panel-7770-1-1-1\" class=\"so-panel widget widget_single-images panel-last-child\" data-index=\"4\" ><div class=\"thim-widget-single-images template-single-images\">\n<div class=\"thim-single-image no-effect\">\n\t<div class=\"wrapper-image\"><div class=\"single-image\"><img src =\"https:\/\/www.yepafrica.org\/wp-content\/uploads\/2024\/01\/IMG_0149-2-1.jpg\" width=\"570\" height=\"428\" alt=\"image\"\/><\/div><\/div><\/div>\n<\/div><\/div><\/div><\/div><div id=\"pg-7770-2\"  class=\"panel-grid panel-no-style\" ><div id=\"pgc-7770-2-0\"  class=\"panel-grid-cell\" ><div id=\"panel-7770-2-0-0\" class=\"so-panel widget widget_single-images panel-first-child panel-last-child\" data-index=\"5\" ><div class=\"thim-widget-single-images template-single-images\">\n<div class=\"thim-single-image no-effect\">\n\t<div class=\"wrapper-image\"><div class=\"single-image\"><img src =\"https:\/\/www.yepafrica.org\/wp-content\/uploads\/2024\/01\/IMG_0167-2.jpg\" width=\"570\" height=\"760\" alt=\"image\"\/><\/div><\/div><\/div>\n<\/div><\/div><\/div><div id=\"pgc-7770-2-1\"  class=\"panel-grid-cell\" ><div id=\"panel-7770-2-1-0\" class=\"so-panel widget widget_single-images panel-first-child panel-last-child\" data-index=\"6\" ><div class=\"thim-widget-single-images template-single-images\">\n<div class=\"thim-single-image no-effect\">\n\t<div class=\"wrapper-image\"><div class=\"single-image\"><img src =\"https:\/\/www.yepafrica.org\/wp-content\/uploads\/2024\/01\/IMG_0108.jpg\" width=\"770\" height=\"1027\" alt=\"image\"\/><\/div><\/div><\/div>\n<\/div><\/div><\/div><\/div><div id=\"pg-7770-3\"  class=\"panel-grid panel-no-style\" ><div id=\"pgc-7770-3-0\"  class=\"panel-grid-cell\" ><div id=\"panel-7770-3-0-0\" class=\"so-panel widget widget_single-images panel-first-child\" data-index=\"7\" ><div class=\"thim-widget-single-images template-single-images\">\n<div class=\"thim-single-image no-effect\">\n\t<div class=\"wrapper-image\"><div class=\"single-image\"><img src =\"https:\/\/www.yepafrica.org\/wp-content\/uploads\/2019\/10\/IMG_0293.jpg\" width=\"640\" height=\"480\" alt=\"image\"\/><\/div><\/div><\/div>\n<\/div><\/div><div id=\"panel-7770-3-0-1\" class=\"so-panel widget widget_single-images panel-last-child\" data-index=\"8\" ><div class=\"thim-widget-single-images template-single-images\">\n<div class=\"thim-single-image no-effect\">\n\t<div class=\"wrapper-image\"><div class=\"single-image\"><img src =\"https:\/\/www.yepafrica.org\/wp-content\/uploads\/2019\/10\/IMG_0292.jpg\" width=\"640\" height=\"480\" alt=\"image\"\/><\/div><\/div><\/div>\n<\/div><\/div><\/div><div id=\"pgc-7770-3-1\"  class=\"panel-grid-cell\" ><div id=\"panel-7770-3-1-0\" class=\"so-panel widget widget_single-images panel-first-child\" data-index=\"9\" ><div class=\"thim-widget-single-images template-single-images\">\n<div class=\"thim-single-image no-effect\">\n\t<div class=\"wrapper-image\"><div class=\"single-image\"><img src =\"https:\/\/www.yepafrica.org\/wp-content\/uploads\/2020\/02\/PHOTO-2020-02-04-11-25-16.jpg\" width=\"1024\" height=\"768\" alt=\"image\"\/><\/div><\/div><\/div>\n<\/div><\/div><div id=\"panel-7770-3-1-1\" class=\"so-panel widget widget_single-images panel-last-child\" data-index=\"10\" ><div class=\"thim-widget-single-images template-single-images\">\n<div class=\"thim-single-image no-effect\">\n\t<div class=\"wrapper-image\"><div class=\"single-image\"><img src =\"https:\/\/www.yepafrica.org\/wp-content\/uploads\/2016\/02\/3590224b-a942-43a4-8b74-e74f42279019.jpg\" width=\"1600\" height=\"1200\" alt=\"image\"\/><\/div><\/div><\/div>\n<\/div><\/div><\/div><\/div><\/div>","protected":false},"excerpt":{"rendered":"<p>Gambie\u00a0 &nbsp; Le premier Centre d&rsquo;apprentissage Yepafrica a ouvert ses portes en 2015 \u00e0 Brikama, en Gambie. Yepafrica promeut l&rsquo;\u00e9mancipation des jeunes en Gambie depuis\u00a02007. Dans ce pays, Yepafrica est une organisation nationale pour la jeunesse rattach\u00e9e au Conseil national de la jeunesse. Elle est install\u00e9e dans le Centre d&rsquo;apprentissage [&hellip;]<\/p>\n","protected":false},"author":1,"featured_media":0,"parent":0,"menu_order":0,"comment_status":"closed","ping_status":"closed","template":"","meta":{"footnotes":""},"class_list":["post-7770","page","type-page","status-publish","hentry"],"yoast_head":"<!-- This site is optimized with the Yoast SEO plugin v27.1.1 - https:\/\/yoast.com\/product\/yoast-seo-wordpress\/ -->\n<title>Gambia - Yep Africa<\/title>\n<meta name=\"robots\" content=\"index, follow, max-snippet:-1, max-image-preview:large, max-video-preview:-1\" \/>\n<link rel=\"canonical\" href=\"https:\/\/www.yepafrica.org\/fr\/gambia\/\" \/>\n<meta property=\"og:locale\" content=\"fr_FR\" \/>\n<meta property=\"og:type\" content=\"article\" \/>\n<meta property=\"og:title\" content=\"Gambia - Yep Africa\" \/>\n<meta property=\"og:description\" content=\"Gambie\u00a0 &nbsp; Le premier Centre d&#039;apprentissage Yepafrica a ouvert ses portes en 2015 \u00e0 Brikama, en Gambie. Yepafrica promeut l&#039;\u00e9mancipation des jeunes en Gambie depuis\u00a02007. Dans ce pays, Yepafrica est une organisation nationale pour la jeunesse rattach\u00e9e au Conseil national de la jeunesse. Elle est install\u00e9e dans le Centre d&#039;apprentissage [&hellip;]\" \/>\n<meta property=\"og:url\" content=\"https:\/\/www.yepafrica.org\/fr\/gambia\/\" \/>\n<meta property=\"og:site_name\" content=\"Yep Africa\" \/>\n<meta property=\"article:modified_time\" content=\"2024-01-26T12:13:28+00:00\" \/>\n<meta name=\"twitter:card\" content=\"summary_large_image\" \/>\n<meta name=\"twitter:label1\" content=\"Dur\u00e9e de lecture estim\u00e9e\" \/>\n\t<meta name=\"twitter:data1\" content=\"3 minutes\" \/>\n<script type=\"application\/ld+json\" class=\"yoast-schema-graph\">{\"@context\":\"https:\/\/schema.org\",\"@graph\":[{\"@type\":\"WebPage\",\"@id\":\"https:\/\/www.yepafrica.org\/fr\/gambia\/\",\"url\":\"https:\/\/www.yepafrica.org\/fr\/gambia\/\",\"name\":\"Gambia - Yep Africa\",\"isPartOf\":{\"@id\":\"https:\/\/www.yepafrica.org\/#website\"},\"datePublished\":\"2018-06-10T11:46:47+00:00\",\"dateModified\":\"2024-01-26T12:13:28+00:00\",\"breadcrumb\":{\"@id\":\"https:\/\/www.yepafrica.org\/fr\/gambia\/#breadcrumb\"},\"inLanguage\":\"fr-FR\",\"potentialAction\":[{\"@type\":\"ReadAction\",\"target\":[\"https:\/\/www.yepafrica.org\/fr\/gambia\/\"]}]},{\"@type\":\"BreadcrumbList\",\"@id\":\"https:\/\/www.yepafrica.org\/fr\/gambia\/#breadcrumb\",\"itemListElement\":[{\"@type\":\"ListItem\",\"position\":1,\"name\":\"Home\",\"item\":\"https:\/\/www.yepafrica.org\/fr\/\"},{\"@type\":\"ListItem\",\"position\":2,\"name\":\"Gambia\"}]},{\"@type\":\"WebSite\",\"@id\":\"https:\/\/www.yepafrica.org\/#website\",\"url\":\"https:\/\/www.yepafrica.org\/\",\"name\":\"Yep Africa\",\"description\":\"We empower to be the change\",\"potentialAction\":[{\"@type\":\"SearchAction\",\"target\":{\"@type\":\"EntryPoint\",\"urlTemplate\":\"https:\/\/www.yepafrica.org\/?s={search_term_string}\"},\"query-input\":{\"@type\":\"PropertyValueSpecification\",\"valueRequired\":true,\"valueName\":\"search_term_string\"}}],\"inLanguage\":\"fr-FR\"}]}<\/script>\n<!-- \/ Yoast SEO plugin. -->","yoast_head_json":{"title":"Gambia - Yep Africa","robots":{"index":"index","follow":"follow","max-snippet":"max-snippet:-1","max-image-preview":"max-image-preview:large","max-video-preview":"max-video-preview:-1"},"canonical":"https:\/\/www.yepafrica.org\/fr\/gambia\/","og_locale":"fr_FR","og_type":"article","og_title":"Gambia - Yep Africa","og_description":"Gambie\u00a0 &nbsp; Le premier Centre d'apprentissage Yepafrica a ouvert ses portes en 2015 \u00e0 Brikama, en Gambie. Yepafrica promeut l'\u00e9mancipation des jeunes en Gambie depuis\u00a02007. Dans ce pays, Yepafrica est une organisation nationale pour la jeunesse rattach\u00e9e au Conseil national de la jeunesse. Elle est install\u00e9e dans le Centre d'apprentissage [&hellip;]","og_url":"https:\/\/www.yepafrica.org\/fr\/gambia\/","og_site_name":"Yep Africa","article_modified_time":"2024-01-26T12:13:28+00:00","twitter_card":"summary_large_image","twitter_misc":{"Dur\u00e9e de lecture estim\u00e9e":"3 minutes"},"schema":{"@context":"https:\/\/schema.org","@graph":[{"@type":"WebPage","@id":"https:\/\/www.yepafrica.org\/fr\/gambia\/","url":"https:\/\/www.yepafrica.org\/fr\/gambia\/","name":"Gambia - Yep Africa","isPartOf":{"@id":"https:\/\/www.yepafrica.org\/#website"},"datePublished":"2018-06-10T11:46:47+00:00","dateModified":"2024-01-26T12:13:28+00:00","breadcrumb":{"@id":"https:\/\/www.yepafrica.org\/fr\/gambia\/#breadcrumb"},"inLanguage":"fr-FR","potentialAction":[{"@type":"ReadAction","target":["https:\/\/www.yepafrica.org\/fr\/gambia\/"]}]},{"@type":"BreadcrumbList","@id":"https:\/\/www.yepafrica.org\/fr\/gambia\/#breadcrumb","itemListElement":[{"@type":"ListItem","position":1,"name":"Home","item":"https:\/\/www.yepafrica.org\/fr\/"},{"@type":"ListItem","position":2,"name":"Gambia"}]},{"@type":"WebSite","@id":"https:\/\/www.yepafrica.org\/#website","url":"https:\/\/www.yepafrica.org\/","name":"Yep Africa","description":"We empower to be the change","potentialAction":[{"@type":"SearchAction","target":{"@type":"EntryPoint","urlTemplate":"https:\/\/www.yepafrica.org\/?s={search_term_string}"},"query-input":{"@type":"PropertyValueSpecification","valueRequired":true,"valueName":"search_term_string"}}],"inLanguage":"fr-FR"}]}},"_links":{"self":[{"href":"https:\/\/www.yepafrica.org\/fr\/wp-json\/wp\/v2\/pages\/7770","targetHints":{"allow":["GET"]}}],"collection":[{"href":"https:\/\/www.yepafrica.org\/fr\/wp-json\/wp\/v2\/pages"}],"about":[{"href":"https:\/\/www.yepafrica.org\/fr\/wp-json\/wp\/v2\/types\/page"}],"author":[{"embeddable":true,"href":"https:\/\/www.yepafrica.org\/fr\/wp-json\/wp\/v2\/users\/1"}],"replies":[{"embeddable":true,"href":"https:\/\/www.yepafrica.org\/fr\/wp-json\/wp\/v2\/comments?post=7770"}],"version-history":[{"count":10,"href":"https:\/\/www.yepafrica.org\/fr\/wp-json\/wp\/v2\/pages\/7770\/revisions"}],"predecessor-version":[{"id":8800,"href":"https:\/\/www.yepafrica.org\/fr\/wp-json\/wp\/v2\/pages\/7770\/revisions\/8800"}],"wp:attachment":[{"href":"https:\/\/www.yepafrica.org\/fr\/wp-json\/wp\/v2\/media?parent=7770"}],"curies":[{"name":"wp","href":"https:\/\/api.w.org\/{rel}","templated":true}]}}