{"id":7807,"date":"2018-06-10T11:47:31","date_gmt":"2018-06-10T11:47:31","guid":{"rendered":"https:\/\/www.yepafrica.org\/anbi\/"},"modified":"2025-10-21T13:28:13","modified_gmt":"2025-10-21T13:28:13","slug":"anbi","status":"publish","type":"page","link":"https:\/\/www.yepafrica.org\/fr\/anbi\/","title":{"rendered":"ANBI"},"content":{"rendered":"<div id=\"pl-7807\"  class=\"panel-layout\" ><div id=\"pg-7807-0\"  class=\"panel-grid panel-no-style\" ><div id=\"pgc-7807-0-0\"  class=\"panel-grid-cell panel-grid-cell-mobile-last\" ><div id=\"panel-7807-0-0-0\" class=\"so-panel widget widget_black-studio-tinymce widget_black_studio_tinymce panel-first-child\" data-index=\"0\" ><h3 class=\"widget-title\">RAPPORTS ANNUELS ET FINANCES<\/h3><div class=\"textwidget\"><p><strong>(Organisation sans but lucratif d'utilit\u00e9 sociale\u00a0\u2014\u00a0ANBI)<\/strong><\/p>\n<p>La fondation Yepafrica est une organisation sans but lucratif d'utilit\u00e9 sociale (ANBI).<br \/>\nAux Pays-Bas, tous les membres du conseil d'administration et les formateurs sont b\u00e9n\u00e9voles. Les seuls membres du personnel r\u00e9mun\u00e9r\u00e9s sont bas\u00e9s en Afrique.<\/p>\n<p>RSIN 819548637<\/p>\n<\/div><\/div><div id=\"panel-7807-0-0-1\" class=\"so-panel widget widget_button\" data-index=\"1\" ><div class=\"thim-widget-button template-button\">\n    <div id=\"button_6a056bf91d7c9\" class=\"text-left\">\n        <a target=\"_blank\" href=\"https:\/\/www.yepafrica.org\/wp-content\/uploads\/2025\/05\/Jaarverslag-2024-Stichting-YEPafrica-ZONDER-handtekening.pdf\" class=\" thim-button style3 inner size-default\">2024<\/a>\n    <\/div>\n\n\n    <\/div><\/div><div id=\"panel-7807-0-0-2\" class=\"so-panel widget widget_button\" data-index=\"2\" ><div class=\"thim-widget-button template-button\">\n    <div id=\"button_6a056bf91db85\" class=\"text-left\">\n        <a target=\"_blank\" href=\"https:\/\/www.yepafrica.org\/wp-content\/uploads\/2024\/05\/jaarrapport-2023-Yepafrica.pdf\" class=\" thim-button style3 inner size-default\">2023<\/a>\n    <\/div>\n\n\n    <\/div><\/div><div id=\"panel-7807-0-0-3\" class=\"so-panel widget widget_button\" data-index=\"3\" ><div class=\"thim-widget-button template-button\">\n    <div id=\"button_6a056bf91df19\" class=\"text-left\">\n        <a target=\"_blank\" href=\"https:\/\/www.yepafrica.org\/wp-content\/uploads\/2023\/05\/jaarrekening-2022-Rapport-Stichting-Yepafrica-zonder-handtekeningen.pdf\" class=\" thim-button style3 inner size-default\">2022<\/a>\n    <\/div>\n\n\n    <\/div><\/div><div id=\"panel-7807-0-0-4\" class=\"so-panel widget widget_button\" data-index=\"4\" ><div class=\"thim-widget-button template-button\">\n    <div id=\"button_6a056bf91e2a8\" class=\"text-left\">\n        <a target=\"_blank\" href=\"https:\/\/www.yepafrica.org\/wp-content\/uploads\/2022\/05\/2021-Rapport-Stichting-Yepafrica-zonder-handtekeningen.pdf\" class=\" thim-button style3 inner size-default\">2021<\/a>\n    <\/div>\n\n\n    <\/div><\/div><div id=\"panel-7807-0-0-5\" class=\"so-panel widget widget_button\" data-index=\"5\" ><div class=\"thim-widget-button template-button\">\n    <div id=\"button_6a056bf91e659\" class=\"text-left\">\n        <a target=\"_blank\" href=\"https:\/\/www.yepafrica.org\/wp-content\/uploads\/2021\/07\/2020-rapport-stichting-yep-youth-empowerment.pdf\" class=\" thim-button style3 inner size-default\">2020<\/a>\n    <\/div>\n\n\n    <\/div><\/div><div id=\"panel-7807-0-0-6\" class=\"so-panel widget widget_button\" data-index=\"6\" ><div class=\"thim-widget-button template-button\">\n    <div id=\"button_6a056bf91e9fe\" class=\"text-left\">\n        <a target=\"_blank\" href=\"https:\/\/www.yepafrica.org\/wp-content\/uploads\/2020\/07\/2019.pdf\" class=\" thim-button style3 inner size-default\">2019<\/a>\n    <\/div>\n\n\n    <\/div><\/div><div id=\"panel-7807-0-0-7\" class=\"so-panel widget widget_black-studio-tinymce widget_black_studio_tinymce\" data-index=\"7\" ><h3 class=\"widget-title\">Yepafrica Strat\u00e9gie 2025-2028<\/h3><div class=\"textwidget\"><\/div><\/div><div id=\"panel-7807-0-0-8\" class=\"so-panel widget widget_button panel-last-child\" data-index=\"8\" ><div class=\"thim-widget-button template-button\">\n    <div id=\"button_6a056bf91ee45\" class=\"text-left\">\n        <a target=\"_blank\" href=\"https:\/\/www.yepafrica.org\/wp-content\/uploads\/2025\/10\/20251021-Strategy-Yepafrica-Final-2025-2028.pdf\" class=\" thim-button style3 inner size-default\">Yepafrica Strat\u00e9gie 2025-2028<\/a>\n    <\/div>\n\n\n    <\/div><\/div><\/div><div id=\"pgc-7807-0-1\"  class=\"panel-grid-cell panel-grid-cell-empty\" ><\/div><\/div><\/div>","protected":false},"excerpt":{"rendered":"<p>(Organisation sans but lucratif d&rsquo;utilit\u00e9 sociale\u00a0\u2014\u00a0ANBI) La fondation Yepafrica est une organisation sans but lucratif d&rsquo;utilit\u00e9 sociale (ANBI). Aux Pays-Bas, tous les membres du conseil d&rsquo;administration et les formateurs sont b\u00e9n\u00e9voles. Les seuls membres du personnel r\u00e9mun\u00e9r\u00e9s sont bas\u00e9s en Afrique. RSIN 819548637<\/p>\n","protected":false},"author":1,"featured_media":0,"parent":0,"menu_order":0,"comment_status":"closed","ping_status":"closed","template":"","meta":{"footnotes":""},"class_list":["post-7807","page","type-page","status-publish","hentry"],"yoast_head":"<!-- This site is optimized with the Yoast SEO plugin v27.5 - https:\/\/yoast.com\/product\/yoast-seo-wordpress\/ -->\n<title>ANBI - Yep Africa<\/title>\n<meta name=\"robots\" content=\"index, follow, max-snippet:-1, max-image-preview:large, max-video-preview:-1\" \/>\n<link rel=\"canonical\" href=\"https:\/\/www.yepafrica.org\/fr\/anbi\/\" \/>\n<meta property=\"og:locale\" content=\"fr_FR\" \/>\n<meta property=\"og:type\" content=\"article\" \/>\n<meta property=\"og:title\" content=\"ANBI - Yep Africa\" \/>\n<meta property=\"og:description\" content=\"(Organisation sans but lucratif d&#039;utilit\u00e9 sociale\u00a0\u2014\u00a0ANBI) La fondation Yepafrica est une organisation sans but lucratif d&#039;utilit\u00e9 sociale (ANBI). Aux Pays-Bas, tous les membres du conseil d&#039;administration et les formateurs sont b\u00e9n\u00e9voles. Les seuls membres du personnel r\u00e9mun\u00e9r\u00e9s sont bas\u00e9s en Afrique. RSIN 819548637\" \/>\n<meta property=\"og:url\" content=\"https:\/\/www.yepafrica.org\/fr\/anbi\/\" \/>\n<meta property=\"og:site_name\" content=\"Yep Africa\" \/>\n<meta property=\"article:modified_time\" content=\"2025-10-21T13:28:13+00:00\" \/>\n<meta name=\"twitter:card\" content=\"summary_large_image\" \/>\n<meta name=\"twitter:label1\" content=\"Dur\u00e9e de lecture estim\u00e9e\" \/>\n\t<meta name=\"twitter:data1\" content=\"1 minute\" \/>\n<script type=\"application\/ld+json\" class=\"yoast-schema-graph\">{\"@context\":\"https:\\\/\\\/schema.org\",\"@graph\":[{\"@type\":\"WebPage\",\"@id\":\"https:\\\/\\\/www.yepafrica.org\\\/fr\\\/anbi\\\/\",\"url\":\"https:\\\/\\\/www.yepafrica.org\\\/fr\\\/anbi\\\/\",\"name\":\"ANBI - Yep Africa\",\"isPartOf\":{\"@id\":\"https:\\\/\\\/www.yepafrica.org\\\/#website\"},\"datePublished\":\"2018-06-10T11:47:31+00:00\",\"dateModified\":\"2025-10-21T13:28:13+00:00\",\"breadcrumb\":{\"@id\":\"https:\\\/\\\/www.yepafrica.org\\\/fr\\\/anbi\\\/#breadcrumb\"},\"inLanguage\":\"fr-FR\",\"potentialAction\":[{\"@type\":\"ReadAction\",\"target\":[\"https:\\\/\\\/www.yepafrica.org\\\/fr\\\/anbi\\\/\"]}]},{\"@type\":\"BreadcrumbList\",\"@id\":\"https:\\\/\\\/www.yepafrica.org\\\/fr\\\/anbi\\\/#breadcrumb\",\"itemListElement\":[{\"@type\":\"ListItem\",\"position\":1,\"name\":\"Home\",\"item\":\"https:\\\/\\\/www.yepafrica.org\\\/fr\\\/\"},{\"@type\":\"ListItem\",\"position\":2,\"name\":\"ANBI\"}]},{\"@type\":\"WebSite\",\"@id\":\"https:\\\/\\\/www.yepafrica.org\\\/#website\",\"url\":\"https:\\\/\\\/www.yepafrica.org\\\/\",\"name\":\"Yep Africa\",\"description\":\"We empower to be the change\",\"potentialAction\":[{\"@type\":\"SearchAction\",\"target\":{\"@type\":\"EntryPoint\",\"urlTemplate\":\"https:\\\/\\\/www.yepafrica.org\\\/?s={search_term_string}\"},\"query-input\":{\"@type\":\"PropertyValueSpecification\",\"valueRequired\":true,\"valueName\":\"search_term_string\"}}],\"inLanguage\":\"fr-FR\"}]}<\/script>\n<!-- \/ Yoast SEO plugin. -->","yoast_head_json":{"title":"ANBI - Yep Africa","robots":{"index":"index","follow":"follow","max-snippet":"max-snippet:-1","max-image-preview":"max-image-preview:large","max-video-preview":"max-video-preview:-1"},"canonical":"https:\/\/www.yepafrica.org\/fr\/anbi\/","og_locale":"fr_FR","og_type":"article","og_title":"ANBI - Yep Africa","og_description":"(Organisation sans but lucratif d'utilit\u00e9 sociale\u00a0\u2014\u00a0ANBI) La fondation Yepafrica est une organisation sans but lucratif d'utilit\u00e9 sociale (ANBI). Aux Pays-Bas, tous les membres du conseil d'administration et les formateurs sont b\u00e9n\u00e9voles. Les seuls membres du personnel r\u00e9mun\u00e9r\u00e9s sont bas\u00e9s en Afrique. RSIN 819548637","og_url":"https:\/\/www.yepafrica.org\/fr\/anbi\/","og_site_name":"Yep Africa","article_modified_time":"2025-10-21T13:28:13+00:00","twitter_card":"summary_large_image","twitter_misc":{"Dur\u00e9e de lecture estim\u00e9e":"1 minute"},"schema":{"@context":"https:\/\/schema.org","@graph":[{"@type":"WebPage","@id":"https:\/\/www.yepafrica.org\/fr\/anbi\/","url":"https:\/\/www.yepafrica.org\/fr\/anbi\/","name":"ANBI - Yep Africa","isPartOf":{"@id":"https:\/\/www.yepafrica.org\/#website"},"datePublished":"2018-06-10T11:47:31+00:00","dateModified":"2025-10-21T13:28:13+00:00","breadcrumb":{"@id":"https:\/\/www.yepafrica.org\/fr\/anbi\/#breadcrumb"},"inLanguage":"fr-FR","potentialAction":[{"@type":"ReadAction","target":["https:\/\/www.yepafrica.org\/fr\/anbi\/"]}]},{"@type":"BreadcrumbList","@id":"https:\/\/www.yepafrica.org\/fr\/anbi\/#breadcrumb","itemListElement":[{"@type":"ListItem","position":1,"name":"Home","item":"https:\/\/www.yepafrica.org\/fr\/"},{"@type":"ListItem","position":2,"name":"ANBI"}]},{"@type":"WebSite","@id":"https:\/\/www.yepafrica.org\/#website","url":"https:\/\/www.yepafrica.org\/","name":"Yep Africa","description":"We empower to be the change","potentialAction":[{"@type":"SearchAction","target":{"@type":"EntryPoint","urlTemplate":"https:\/\/www.yepafrica.org\/?s={search_term_string}"},"query-input":{"@type":"PropertyValueSpecification","valueRequired":true,"valueName":"search_term_string"}}],"inLanguage":"fr-FR"}]}},"_links":{"self":[{"href":"https:\/\/www.yepafrica.org\/fr\/wp-json\/wp\/v2\/pages\/7807","targetHints":{"allow":["GET"]}}],"collection":[{"href":"https:\/\/www.yepafrica.org\/fr\/wp-json\/wp\/v2\/pages"}],"about":[{"href":"https:\/\/www.yepafrica.org\/fr\/wp-json\/wp\/v2\/types\/page"}],"author":[{"embeddable":true,"href":"https:\/\/www.yepafrica.org\/fr\/wp-json\/wp\/v2\/users\/1"}],"replies":[{"embeddable":true,"href":"https:\/\/www.yepafrica.org\/fr\/wp-json\/wp\/v2\/comments?post=7807"}],"version-history":[{"count":28,"href":"https:\/\/www.yepafrica.org\/fr\/wp-json\/wp\/v2\/pages\/7807\/revisions"}],"predecessor-version":[{"id":9323,"href":"https:\/\/www.yepafrica.org\/fr\/wp-json\/wp\/v2\/pages\/7807\/revisions\/9323"}],"wp:attachment":[{"href":"https:\/\/www.yepafrica.org\/fr\/wp-json\/wp\/v2\/media?parent=7807"}],"curies":[{"name":"wp","href":"https:\/\/api.w.org\/{rel}","templated":true}]}}