{"id":7825,"date":"2016-01-26T09:45:29","date_gmt":"2016-01-26T09:45:29","guid":{"rendered":"https:\/\/www.yepafrica.org\/contact\/"},"modified":"2025-10-24T09:15:34","modified_gmt":"2025-10-24T09:15:34","slug":"contact","status":"publish","type":"page","link":"https:\/\/www.yepafrica.org\/fr\/contact\/","title":{"rendered":"Contact"},"content":{"rendered":"<div id=\"pl-7825\"  class=\"panel-layout\" ><div id=\"pg-7825-0\"  class=\"panel-grid panel-no-style\" ><div id=\"pgc-7825-0-0\"  class=\"panel-grid-cell\" ><div id=\"panel-7825-0-0-0\" class=\"so-panel widget widget_heading panel-first-child\" data-index=\"0\" ><div class=\"thim-widget-heading template-heading\"><div class=\"thim-heading text-center \"><div class=\"sc-heading article_heading \" style=\";\"><h3 class=\"heading__primary wrapper-line-heading\"><span><\/span><span>Contact<\/span><span><\/span><\/h3><span class=\"line-heading\" ><\/span><\/div><\/div><\/div><\/div><div id=\"panel-7825-0-0-1\" class=\"so-panel widget widget_sow-editor\" data-index=\"1\" ><div class=\"panel-widget-style panel-widget-style-for-7825-0-0-1\" ><div\n\t\t\t\n\t\t\tclass=\"so-widget-sow-editor so-widget-sow-editor-base\"\n\t\t\t\n\t\t>\n<div class=\"siteorigin-widget-tinymce textwidget\">\n\t<p>Nous sommes \u00e9galement pr\u00e9sents sur les r\u00e9seaux sociaux. Pour nous contacter:<\/p>\n<\/div>\n<\/div><\/div><\/div><div id=\"panel-7825-0-0-2\" class=\"so-panel widget widget_sow-editor panel-last-child\" data-index=\"2\" ><div\n\t\t\t\n\t\t\tclass=\"so-widget-sow-editor so-widget-sow-editor-base\"\n\t\t\t\n\t\t>\n<div class=\"siteorigin-widget-tinymce textwidget\">\n\t<p style=\"margin-bottom: 20px; text-align: left;\"><i class=\"fa fa-phone\" style=\"color: #c9002f;\"><\/i>\u00a0\u00a0+(31) 6129 938 22<\/p>\n<p style=\"margin-bottom: 20px; text-align: left;\"><i class=\"fa fa-envelope\" style=\"color: #c9002f;\"><\/i><a style=\"color: #999;\" href=\"mailto:info@yepafrica.org\">\u00a0\u00a0info@yepafrica.org<\/a><\/p>\n<p style=\"margin-bottom: 20px; text-align: left;\"><i class=\"fa fa-map-marker\" style=\"color: #c9002f;\"><\/i>\u00a0\u00a0Kuipershaven 7 | 3311 AL Dordrecht<\/p>\n<p>&nbsp;<\/p>\n<p style=\"margin-bottom: 20px; text-align: left;\">Bank: NL66 TRIO 0212428365<\/p>\n<p style=\"margin-bottom: 20px; text-align: left;\">KvK: 24437077<\/p>\n<p style=\"margin-bottom: 20px; text-align: left;\">RSIN: 819548637<\/p>\n<\/div>\n<\/div><\/div><\/div><div id=\"pgc-7825-0-1\"  class=\"panel-grid-cell\" ><div id=\"panel-7825-0-1-0\" class=\"so-panel widget widget_heading panel-first-child\" data-index=\"3\" ><div class=\"thim-widget-heading template-heading\"><div class=\"thim-heading text-center \"><div class=\"sc-heading article_heading \" style=\";\"><h3 class=\"heading__primary wrapper-line-heading\"><span><\/span><span>Envoyer un message<\/span><span><\/span><\/h3><span class=\"line-heading\" ><\/span><\/div><\/div><\/div><\/div><div id=\"panel-7825-0-1-1\" class=\"so-panel widget widget_sow-editor\" data-index=\"4\" ><div class=\"panel-widget-style panel-widget-style-for-7825-0-1-1\" ><div\n\t\t\t\n\t\t\tclass=\"so-widget-sow-editor so-widget-sow-editor-base\"\n\t\t\t\n\t\t>\n<div class=\"siteorigin-widget-tinymce textwidget\">\n\t<p>Vous avez un message \u00e0 nous adresser\u00a0? N'h\u00e9sitez pas \u00e0 nous contacter via notre formulaire de contact.<\/p>\n<\/div>\n<\/div><\/div><\/div><div id=\"panel-7825-0-1-2\" class=\"so-panel widget widget_text panel-last-child\" data-index=\"5\" ><div class=\"panel-widget-style panel-widget-style-for-7825-0-1-2\" >\t\t\t<div class=\"textwidget\">\n<div class=\"wpcf7 no-js\" id=\"wpcf7-f10-o1\" lang=\"en-US\" dir=\"ltr\" data-wpcf7-id=\"10\">\n<div class=\"screen-reader-response\"><p role=\"status\" aria-live=\"polite\" aria-atomic=\"true\"><\/p> <ul><\/ul><\/div>\n<form action=\"\/fr\/wp-json\/wp\/v2\/pages\/7825#wpcf7-f10-o1\" method=\"post\" class=\"wpcf7-form init\" aria-label=\"Contact form\" novalidate=\"novalidate\" data-status=\"init\">\n<fieldset class=\"hidden-fields-container\"><input type=\"hidden\" name=\"_wpcf7\" value=\"10\" \/><input type=\"hidden\" name=\"_wpcf7_version\" value=\"6.1.5\" \/><input type=\"hidden\" name=\"_wpcf7_locale\" value=\"en_US\" \/><input type=\"hidden\" name=\"_wpcf7_unit_tag\" value=\"wpcf7-f10-o1\" \/><input type=\"hidden\" name=\"_wpcf7_container_post\" value=\"0\" \/><input type=\"hidden\" name=\"_wpcf7_posted_data_hash\" value=\"\" \/><input type=\"hidden\" name=\"_wpcf7_recaptcha_response\" value=\"\" \/>\n<\/fieldset>\n<div class=\"row\">\n\t<div class=\"col-sm-6\">\n\t\t<p><span class=\"wpcf7-form-control-wrap\" data-name=\"your-name\"><input size=\"40\" maxlength=\"400\" class=\"wpcf7-form-control wpcf7-text wpcf7-validates-as-required\" aria-required=\"true\" aria-invalid=\"false\" placeholder=\"Your name*\" value=\"\" type=\"text\" name=\"your-name\" \/><\/span>\n\t\t<\/p>\n\t<\/div>\n\t<div class=\"col-sm-6\">\n\t\t<p><span class=\"wpcf7-form-control-wrap\" data-name=\"your-email\"><input size=\"40\" maxlength=\"400\" class=\"wpcf7-form-control wpcf7-email wpcf7-validates-as-required wpcf7-text wpcf7-validates-as-email\" aria-required=\"true\" aria-invalid=\"false\" placeholder=\"Email*\" value=\"\" type=\"email\" name=\"your-email\" \/><\/span>\n\t\t<\/p>\n\t<\/div>\n<\/div>\n<p><span class=\"wpcf7-form-control-wrap\" data-name=\"your-subject\"><input size=\"40\" maxlength=\"400\" class=\"wpcf7-form-control wpcf7-text wpcf7-validates-as-required\" aria-required=\"true\" aria-invalid=\"false\" placeholder=\"Subject*\" value=\"\" type=\"text\" name=\"your-subject\" \/><\/span><br \/>\n<span class=\"wpcf7-form-control-wrap\" data-name=\"your-message\"><textarea cols=\"40\" rows=\"10\" maxlength=\"2000\" class=\"wpcf7-form-control wpcf7-textarea wpcf7-validates-as-required\" aria-required=\"true\" aria-invalid=\"false\" placeholder=\"Message*\" name=\"your-message\"><\/textarea><\/span><br \/>\n<input class=\"wpcf7-form-control wpcf7-submit has-spinner\" type=\"submit\" value=\"Submit\" \/>\n<\/p><p style=\"display: none !important;\" class=\"akismet-fields-container\" data-prefix=\"_wpcf7_ak_\"><label>&#916;<textarea name=\"_wpcf7_ak_hp_textarea\" cols=\"45\" rows=\"8\" maxlength=\"100\"><\/textarea><\/label><input type=\"hidden\" id=\"ak_js_1\" name=\"_wpcf7_ak_js\" value=\"51\"\/><script>document.getElementById( \"ak_js_1\" ).setAttribute( \"value\", ( new Date() ).getTime() );<\/script><\/p><div class=\"wpcf7-response-output\" aria-hidden=\"true\"><\/div>\n<\/form>\n<\/div>\n<\/div>\n\t\t<\/div><\/div><\/div><\/div><\/div>","protected":false},"excerpt":{"rendered":"<p>Nous sommes \u00e9galement pr\u00e9sents sur les r\u00e9seaux sociaux. Pour nous contacter: \u00a0\u00a0+(31) 6129 938 22 \u00a0\u00a0info@yepafrica.org \u00a0\u00a0Kuipershaven 7 | 3311 AL Dordrecht &nbsp; Bank: NL66 TRIO 0212428365 KvK: 24437077 RSIN: 819548637 Vous avez un message \u00e0 nous adresser\u00a0? N&rsquo;h\u00e9sitez pas \u00e0 nous contacter via notre formulaire de contact.<\/p>\n","protected":false},"author":1,"featured_media":0,"parent":0,"menu_order":0,"comment_status":"closed","ping_status":"closed","template":"","meta":{"footnotes":""},"class_list":["post-7825","page","type-page","status-publish","hentry"],"yoast_head":"<!-- This site is optimized with the Yoast SEO plugin v27.1.1 - https:\/\/yoast.com\/product\/yoast-seo-wordpress\/ -->\n<title>Contact - Yep Africa<\/title>\n<meta name=\"robots\" content=\"index, follow, max-snippet:-1, max-image-preview:large, max-video-preview:-1\" \/>\n<link rel=\"canonical\" href=\"https:\/\/www.yepafrica.org\/fr\/contact\/\" \/>\n<meta property=\"og:locale\" content=\"fr_FR\" \/>\n<meta property=\"og:type\" content=\"article\" \/>\n<meta property=\"og:title\" content=\"Contact - Yep Africa\" \/>\n<meta property=\"og:description\" content=\"Nous sommes \u00e9galement pr\u00e9sents sur les r\u00e9seaux sociaux. Pour nous contacter: \u00a0\u00a0+(31) 6129 938 22 \u00a0\u00a0info@yepafrica.org \u00a0\u00a0Kuipershaven 7 | 3311 AL Dordrecht &nbsp; Bank: NL66 TRIO 0212428365 KvK: 24437077 RSIN: 819548637 Vous avez un message \u00e0 nous adresser\u00a0? N&#039;h\u00e9sitez pas \u00e0 nous contacter via notre formulaire de contact.\" \/>\n<meta property=\"og:url\" content=\"https:\/\/www.yepafrica.org\/fr\/contact\/\" \/>\n<meta property=\"og:site_name\" content=\"Yep Africa\" \/>\n<meta property=\"article:modified_time\" content=\"2025-10-24T09:15:34+00:00\" \/>\n<meta name=\"twitter:card\" content=\"summary_large_image\" \/>\n<meta name=\"twitter:label1\" content=\"Dur\u00e9e de lecture estim\u00e9e\" \/>\n\t<meta name=\"twitter:data1\" content=\"1 minute\" \/>\n<script type=\"application\/ld+json\" class=\"yoast-schema-graph\">{\"@context\":\"https:\/\/schema.org\",\"@graph\":[{\"@type\":\"WebPage\",\"@id\":\"https:\/\/www.yepafrica.org\/fr\/contact\/\",\"url\":\"https:\/\/www.yepafrica.org\/fr\/contact\/\",\"name\":\"Contact - Yep Africa\",\"isPartOf\":{\"@id\":\"https:\/\/www.yepafrica.org\/#website\"},\"datePublished\":\"2016-01-26T09:45:29+00:00\",\"dateModified\":\"2025-10-24T09:15:34+00:00\",\"breadcrumb\":{\"@id\":\"https:\/\/www.yepafrica.org\/fr\/contact\/#breadcrumb\"},\"inLanguage\":\"fr-FR\",\"potentialAction\":[{\"@type\":\"ReadAction\",\"target\":[\"https:\/\/www.yepafrica.org\/fr\/contact\/\"]}]},{\"@type\":\"BreadcrumbList\",\"@id\":\"https:\/\/www.yepafrica.org\/fr\/contact\/#breadcrumb\",\"itemListElement\":[{\"@type\":\"ListItem\",\"position\":1,\"name\":\"Home\",\"item\":\"https:\/\/www.yepafrica.org\/fr\/\"},{\"@type\":\"ListItem\",\"position\":2,\"name\":\"Contact\"}]},{\"@type\":\"WebSite\",\"@id\":\"https:\/\/www.yepafrica.org\/#website\",\"url\":\"https:\/\/www.yepafrica.org\/\",\"name\":\"Yep Africa\",\"description\":\"We empower to be the change\",\"potentialAction\":[{\"@type\":\"SearchAction\",\"target\":{\"@type\":\"EntryPoint\",\"urlTemplate\":\"https:\/\/www.yepafrica.org\/?s={search_term_string}\"},\"query-input\":{\"@type\":\"PropertyValueSpecification\",\"valueRequired\":true,\"valueName\":\"search_term_string\"}}],\"inLanguage\":\"fr-FR\"}]}<\/script>\n<!-- \/ Yoast SEO plugin. -->","yoast_head_json":{"title":"Contact - Yep Africa","robots":{"index":"index","follow":"follow","max-snippet":"max-snippet:-1","max-image-preview":"max-image-preview:large","max-video-preview":"max-video-preview:-1"},"canonical":"https:\/\/www.yepafrica.org\/fr\/contact\/","og_locale":"fr_FR","og_type":"article","og_title":"Contact - Yep Africa","og_description":"Nous sommes \u00e9galement pr\u00e9sents sur les r\u00e9seaux sociaux. Pour nous contacter: \u00a0\u00a0+(31) 6129 938 22 \u00a0\u00a0info@yepafrica.org \u00a0\u00a0Kuipershaven 7 | 3311 AL Dordrecht &nbsp; Bank: NL66 TRIO 0212428365 KvK: 24437077 RSIN: 819548637 Vous avez un message \u00e0 nous adresser\u00a0? N'h\u00e9sitez pas \u00e0 nous contacter via notre formulaire de contact.","og_url":"https:\/\/www.yepafrica.org\/fr\/contact\/","og_site_name":"Yep Africa","article_modified_time":"2025-10-24T09:15:34+00:00","twitter_card":"summary_large_image","twitter_misc":{"Dur\u00e9e de lecture estim\u00e9e":"1 minute"},"schema":{"@context":"https:\/\/schema.org","@graph":[{"@type":"WebPage","@id":"https:\/\/www.yepafrica.org\/fr\/contact\/","url":"https:\/\/www.yepafrica.org\/fr\/contact\/","name":"Contact - Yep Africa","isPartOf":{"@id":"https:\/\/www.yepafrica.org\/#website"},"datePublished":"2016-01-26T09:45:29+00:00","dateModified":"2025-10-24T09:15:34+00:00","breadcrumb":{"@id":"https:\/\/www.yepafrica.org\/fr\/contact\/#breadcrumb"},"inLanguage":"fr-FR","potentialAction":[{"@type":"ReadAction","target":["https:\/\/www.yepafrica.org\/fr\/contact\/"]}]},{"@type":"BreadcrumbList","@id":"https:\/\/www.yepafrica.org\/fr\/contact\/#breadcrumb","itemListElement":[{"@type":"ListItem","position":1,"name":"Home","item":"https:\/\/www.yepafrica.org\/fr\/"},{"@type":"ListItem","position":2,"name":"Contact"}]},{"@type":"WebSite","@id":"https:\/\/www.yepafrica.org\/#website","url":"https:\/\/www.yepafrica.org\/","name":"Yep Africa","description":"We empower to be the change","potentialAction":[{"@type":"SearchAction","target":{"@type":"EntryPoint","urlTemplate":"https:\/\/www.yepafrica.org\/?s={search_term_string}"},"query-input":{"@type":"PropertyValueSpecification","valueRequired":true,"valueName":"search_term_string"}}],"inLanguage":"fr-FR"}]}},"_links":{"self":[{"href":"https:\/\/www.yepafrica.org\/fr\/wp-json\/wp\/v2\/pages\/7825","targetHints":{"allow":["GET"]}}],"collection":[{"href":"https:\/\/www.yepafrica.org\/fr\/wp-json\/wp\/v2\/pages"}],"about":[{"href":"https:\/\/www.yepafrica.org\/fr\/wp-json\/wp\/v2\/types\/page"}],"author":[{"embeddable":true,"href":"https:\/\/www.yepafrica.org\/fr\/wp-json\/wp\/v2\/users\/1"}],"replies":[{"embeddable":true,"href":"https:\/\/www.yepafrica.org\/fr\/wp-json\/wp\/v2\/comments?post=7825"}],"version-history":[{"count":7,"href":"https:\/\/www.yepafrica.org\/fr\/wp-json\/wp\/v2\/pages\/7825\/revisions"}],"predecessor-version":[{"id":9327,"href":"https:\/\/www.yepafrica.org\/fr\/wp-json\/wp\/v2\/pages\/7825\/revisions\/9327"}],"wp:attachment":[{"href":"https:\/\/www.yepafrica.org\/fr\/wp-json\/wp\/v2\/media?parent=7825"}],"curies":[{"name":"wp","href":"https:\/\/api.w.org\/{rel}","templated":true}]}}