{"id":7852,"date":"2019-10-13T15:58:12","date_gmt":"2019-10-13T15:58:12","guid":{"rendered":"https:\/\/www.yepafrica.org\/muhammed-njie\/"},"modified":"2020-03-16T15:23:51","modified_gmt":"2020-03-16T15:23:51","slug":"muhammed-njie","status":"publish","type":"page","link":"https:\/\/www.yepafrica.org\/fr\/muhammed-njie\/","title":{"rendered":"MUHAMMED NJIE"},"content":{"rendered":"<div id=\"pl-7852\"  class=\"panel-layout\" ><div id=\"pg-7852-0\"  class=\"panel-grid panel-no-style\" ><div id=\"pgc-7852-0-0\"  class=\"panel-grid-cell\" ><div id=\"panel-7852-0-0-0\" class=\"so-panel widget widget_sow-editor panel-first-child panel-last-child\" data-index=\"0\" ><div\n\t\t\t\n\t\t\tclass=\"so-widget-sow-editor so-widget-sow-editor-base\"\n\t\t\t\n\t\t>\n<div class=\"siteorigin-widget-tinymce textwidget\">\n\t<p><span style=\"color: #c9002f; font-size: 24px;\">Muhammed Njie<\/span><br \/>\nMuhammed Njie, 35 ans, est mari\u00e9 et vit actuellement \u00e0 Brikama, o\u00f9 il poss\u00e8de maintenant sa propre entreprise de production de sacs et de chaussures.<br \/>\nPouss\u00e9 par son r\u00eave de devenir un jour entrepreneur, il s'est finalement lanc\u00e9 en 2017.<br \/>\nIl a suivi le cours \u00ab Fondamentaux du marketing \u00bb de Yepafrica en 2018. Il explique que le cours de Yepafrica a eu une influence sur lui et son entreprise \u00e0 plusieurs niveaux, puisqu'il a appris \u00e0 d\u00e9velopper sa propre entreprise.<\/p>\n<p>Lorsque vous lui demandez s'il est ind\u00e9pendant ou employ\u00e9, il annonce fi\u00e8rement \u00eatre ind\u00e9pendant.<br \/>\nSelon Muhammed, les Gambiens ne sont pas nombreux \u00e0 travailler dans la production de sacs et de chaussures. Une raison de plus de poursuivre son travail et de r\u00e9aliser ses r\u00eaves.<br \/>\nMuhammed consid\u00e8re chacun comme un client, et les Gambiens sont nombreux \u00e0 b\u00e9n\u00e9ficier de ses services.<\/p>\n<p>Selon lui, pour r\u00e9ussir en tant qu'entrepreneur et cr\u00e9er une activit\u00e9 prosp\u00e8re, il faut beaucoup de travail, de la d\u00e9termination et des r\u00eaves ambitieux.<br \/>\nLes principaux obstacles et difficult\u00e9s qu'il a rencontr\u00e9s lors du d\u00e9veloppement de son entreprise ont \u00e9t\u00e9 le manque de mat\u00e9riaux et de soutien financier appropri\u00e9s. Pour y rem\u00e9dier, il produit et distribue \u00e0 grande \u00e9chelle et peut compter sur ses soutiens financiers.<br \/>\nLes sacs et les chaussures produits par Muhammed durent plusieurs ann\u00e9es et sont fabriqu\u00e9s dans des mat\u00e9riaux recycl\u00e9s. Son activit\u00e9 est donc respectueuse de l'environnement.<\/p>\n<\/div>\n<\/div><\/div><\/div><div id=\"pgc-7852-0-1\"  class=\"panel-grid-cell\" ><div id=\"panel-7852-0-1-0\" class=\"so-panel widget widget_sow-image panel-first-child panel-last-child\" data-index=\"1\" ><div\n\t\t\t\n\t\t\tclass=\"so-widget-sow-image so-widget-sow-image-default-8b5b6f678277-7852\"\n\t\t\t\n\t\t>\n<div class=\"sow-image-container\">\n\t\t<img \n\tsrc=\"https:\/\/www.yepafrica.org\/wp-content\/uploads\/2019\/10\/02_successtory.jpg\" width=\"500\" height=\"500\" srcset=\"https:\/\/www.yepafrica.org\/wp-content\/uploads\/2019\/10\/02_successtory.jpg 500w, https:\/\/www.yepafrica.org\/wp-content\/uploads\/2019\/10\/02_successtory-150x150.jpg 150w, https:\/\/www.yepafrica.org\/wp-content\/uploads\/2019\/10\/02_successtory-300x300.jpg 300w, https:\/\/www.yepafrica.org\/wp-content\/uploads\/2019\/10\/02_successtory-100x100.jpg 100w\" sizes=\"(max-width: 500px) 100vw, 500px\" alt=\"\" \t\tclass=\"so-widget-image\"\/>\n\t<\/div>\n\n<\/div><\/div><\/div><\/div><\/div>","protected":false},"excerpt":{"rendered":"<p>Muhammed Njie, a married man at the age of 35 who is currently living in Brikama, nowadays has his own<\/p>\n","protected":false},"author":1,"featured_media":7853,"parent":0,"menu_order":0,"comment_status":"closed","ping_status":"closed","template":"","meta":{"footnotes":""},"class_list":["post-7852","page","type-page","status-publish","has-post-thumbnail","hentry"],"yoast_head":"<!-- This site is optimized with the Yoast SEO plugin v27.1.1 - https:\/\/yoast.com\/product\/yoast-seo-wordpress\/ -->\n<title>MUHAMMED NJIE - Yep Africa<\/title>\n<meta name=\"robots\" content=\"index, follow, max-snippet:-1, max-image-preview:large, max-video-preview:-1\" \/>\n<link rel=\"canonical\" href=\"https:\/\/www.yepafrica.org\/fr\/muhammed-njie\/\" \/>\n<meta property=\"og:locale\" content=\"fr_FR\" \/>\n<meta property=\"og:type\" content=\"article\" \/>\n<meta property=\"og:title\" content=\"MUHAMMED NJIE - Yep Africa\" \/>\n<meta property=\"og:description\" content=\"Muhammed Njie, a married man at the age of 35 who is currently living in Brikama, nowadays has his own\" \/>\n<meta property=\"og:url\" content=\"https:\/\/www.yepafrica.org\/fr\/muhammed-njie\/\" \/>\n<meta property=\"og:site_name\" content=\"Yep Africa\" \/>\n<meta property=\"article:modified_time\" content=\"2020-03-16T15:23:51+00:00\" \/>\n<meta property=\"og:image\" content=\"https:\/\/www.yepafrica.org\/wp-content\/uploads\/2019\/10\/02_successtory.jpg\" \/>\n\t<meta property=\"og:image:width\" content=\"500\" \/>\n\t<meta property=\"og:image:height\" content=\"500\" \/>\n\t<meta property=\"og:image:type\" content=\"image\/jpeg\" \/>\n<meta name=\"twitter:card\" content=\"summary_large_image\" \/>\n<meta name=\"twitter:label1\" content=\"Dur\u00e9e de lecture estim\u00e9e\" \/>\n\t<meta name=\"twitter:data1\" content=\"1 minute\" \/>\n<script type=\"application\/ld+json\" class=\"yoast-schema-graph\">{\"@context\":\"https:\/\/schema.org\",\"@graph\":[{\"@type\":\"WebPage\",\"@id\":\"https:\/\/www.yepafrica.org\/fr\/muhammed-njie\/\",\"url\":\"https:\/\/www.yepafrica.org\/fr\/muhammed-njie\/\",\"name\":\"MUHAMMED NJIE - Yep Africa\",\"isPartOf\":{\"@id\":\"https:\/\/www.yepafrica.org\/#website\"},\"primaryImageOfPage\":{\"@id\":\"https:\/\/www.yepafrica.org\/fr\/muhammed-njie\/#primaryimage\"},\"image\":{\"@id\":\"https:\/\/www.yepafrica.org\/fr\/muhammed-njie\/#primaryimage\"},\"thumbnailUrl\":\"https:\/\/www.yepafrica.org\/wp-content\/uploads\/2019\/10\/02_successtory.jpg\",\"datePublished\":\"2019-10-13T15:58:12+00:00\",\"dateModified\":\"2020-03-16T15:23:51+00:00\",\"breadcrumb\":{\"@id\":\"https:\/\/www.yepafrica.org\/fr\/muhammed-njie\/#breadcrumb\"},\"inLanguage\":\"fr-FR\",\"potentialAction\":[{\"@type\":\"ReadAction\",\"target\":[\"https:\/\/www.yepafrica.org\/fr\/muhammed-njie\/\"]}]},{\"@type\":\"ImageObject\",\"inLanguage\":\"fr-FR\",\"@id\":\"https:\/\/www.yepafrica.org\/fr\/muhammed-njie\/#primaryimage\",\"url\":\"https:\/\/www.yepafrica.org\/wp-content\/uploads\/2019\/10\/02_successtory.jpg\",\"contentUrl\":\"https:\/\/www.yepafrica.org\/wp-content\/uploads\/2019\/10\/02_successtory.jpg\",\"width\":500,\"height\":500},{\"@type\":\"BreadcrumbList\",\"@id\":\"https:\/\/www.yepafrica.org\/fr\/muhammed-njie\/#breadcrumb\",\"itemListElement\":[{\"@type\":\"ListItem\",\"position\":1,\"name\":\"Home\",\"item\":\"https:\/\/www.yepafrica.org\/fr\/\"},{\"@type\":\"ListItem\",\"position\":2,\"name\":\"MUHAMMED NJIE\"}]},{\"@type\":\"WebSite\",\"@id\":\"https:\/\/www.yepafrica.org\/#website\",\"url\":\"https:\/\/www.yepafrica.org\/\",\"name\":\"Yep Africa\",\"description\":\"We empower to be the change\",\"potentialAction\":[{\"@type\":\"SearchAction\",\"target\":{\"@type\":\"EntryPoint\",\"urlTemplate\":\"https:\/\/www.yepafrica.org\/?s={search_term_string}\"},\"query-input\":{\"@type\":\"PropertyValueSpecification\",\"valueRequired\":true,\"valueName\":\"search_term_string\"}}],\"inLanguage\":\"fr-FR\"}]}<\/script>\n<!-- \/ Yoast SEO plugin. -->","yoast_head_json":{"title":"MUHAMMED NJIE - Yep Africa","robots":{"index":"index","follow":"follow","max-snippet":"max-snippet:-1","max-image-preview":"max-image-preview:large","max-video-preview":"max-video-preview:-1"},"canonical":"https:\/\/www.yepafrica.org\/fr\/muhammed-njie\/","og_locale":"fr_FR","og_type":"article","og_title":"MUHAMMED NJIE - Yep Africa","og_description":"Muhammed Njie, a married man at the age of 35 who is currently living in Brikama, nowadays has his own","og_url":"https:\/\/www.yepafrica.org\/fr\/muhammed-njie\/","og_site_name":"Yep Africa","article_modified_time":"2020-03-16T15:23:51+00:00","og_image":[{"width":500,"height":500,"url":"https:\/\/www.yepafrica.org\/wp-content\/uploads\/2019\/10\/02_successtory.jpg","type":"image\/jpeg"}],"twitter_card":"summary_large_image","twitter_misc":{"Dur\u00e9e de lecture estim\u00e9e":"1 minute"},"schema":{"@context":"https:\/\/schema.org","@graph":[{"@type":"WebPage","@id":"https:\/\/www.yepafrica.org\/fr\/muhammed-njie\/","url":"https:\/\/www.yepafrica.org\/fr\/muhammed-njie\/","name":"MUHAMMED NJIE - Yep Africa","isPartOf":{"@id":"https:\/\/www.yepafrica.org\/#website"},"primaryImageOfPage":{"@id":"https:\/\/www.yepafrica.org\/fr\/muhammed-njie\/#primaryimage"},"image":{"@id":"https:\/\/www.yepafrica.org\/fr\/muhammed-njie\/#primaryimage"},"thumbnailUrl":"https:\/\/www.yepafrica.org\/wp-content\/uploads\/2019\/10\/02_successtory.jpg","datePublished":"2019-10-13T15:58:12+00:00","dateModified":"2020-03-16T15:23:51+00:00","breadcrumb":{"@id":"https:\/\/www.yepafrica.org\/fr\/muhammed-njie\/#breadcrumb"},"inLanguage":"fr-FR","potentialAction":[{"@type":"ReadAction","target":["https:\/\/www.yepafrica.org\/fr\/muhammed-njie\/"]}]},{"@type":"ImageObject","inLanguage":"fr-FR","@id":"https:\/\/www.yepafrica.org\/fr\/muhammed-njie\/#primaryimage","url":"https:\/\/www.yepafrica.org\/wp-content\/uploads\/2019\/10\/02_successtory.jpg","contentUrl":"https:\/\/www.yepafrica.org\/wp-content\/uploads\/2019\/10\/02_successtory.jpg","width":500,"height":500},{"@type":"BreadcrumbList","@id":"https:\/\/www.yepafrica.org\/fr\/muhammed-njie\/#breadcrumb","itemListElement":[{"@type":"ListItem","position":1,"name":"Home","item":"https:\/\/www.yepafrica.org\/fr\/"},{"@type":"ListItem","position":2,"name":"MUHAMMED NJIE"}]},{"@type":"WebSite","@id":"https:\/\/www.yepafrica.org\/#website","url":"https:\/\/www.yepafrica.org\/","name":"Yep Africa","description":"We empower to be the change","potentialAction":[{"@type":"SearchAction","target":{"@type":"EntryPoint","urlTemplate":"https:\/\/www.yepafrica.org\/?s={search_term_string}"},"query-input":{"@type":"PropertyValueSpecification","valueRequired":true,"valueName":"search_term_string"}}],"inLanguage":"fr-FR"}]}},"_links":{"self":[{"href":"https:\/\/www.yepafrica.org\/fr\/wp-json\/wp\/v2\/pages\/7852","targetHints":{"allow":["GET"]}}],"collection":[{"href":"https:\/\/www.yepafrica.org\/fr\/wp-json\/wp\/v2\/pages"}],"about":[{"href":"https:\/\/www.yepafrica.org\/fr\/wp-json\/wp\/v2\/types\/page"}],"author":[{"embeddable":true,"href":"https:\/\/www.yepafrica.org\/fr\/wp-json\/wp\/v2\/users\/1"}],"replies":[{"embeddable":true,"href":"https:\/\/www.yepafrica.org\/fr\/wp-json\/wp\/v2\/comments?post=7852"}],"version-history":[{"count":4,"href":"https:\/\/www.yepafrica.org\/fr\/wp-json\/wp\/v2\/pages\/7852\/revisions"}],"predecessor-version":[{"id":8081,"href":"https:\/\/www.yepafrica.org\/fr\/wp-json\/wp\/v2\/pages\/7852\/revisions\/8081"}],"wp:featuredmedia":[{"embeddable":true,"href":"https:\/\/www.yepafrica.org\/fr\/wp-json\/wp\/v2\/media\/7853"}],"wp:attachment":[{"href":"https:\/\/www.yepafrica.org\/fr\/wp-json\/wp\/v2\/media?parent=7852"}],"curies":[{"name":"wp","href":"https:\/\/api.w.org\/{rel}","templated":true}]}}