{"id":7868,"date":"2019-10-27T12:36:46","date_gmt":"2019-10-27T12:36:46","guid":{"rendered":"https:\/\/www.yepafrica.org\/omar-sanneh\/"},"modified":"2020-03-16T15:27:42","modified_gmt":"2020-03-16T15:27:42","slug":"omar-sanneh","status":"publish","type":"page","link":"https:\/\/www.yepafrica.org\/fr\/omar-sanneh\/","title":{"rendered":"OMAR SANNEH"},"content":{"rendered":"<div id=\"pl-7868\"  class=\"panel-layout\" ><div id=\"pg-7868-0\"  class=\"panel-grid panel-no-style\" ><div id=\"pgc-7868-0-0\"  class=\"panel-grid-cell\" ><div id=\"panel-7868-0-0-0\" class=\"so-panel widget widget_sow-editor panel-first-child panel-last-child\" data-index=\"0\" ><div\n\t\t\t\n\t\t\tclass=\"so-widget-sow-editor so-widget-sow-editor-base\"\n\t\t\t\n\t\t>\n<div class=\"siteorigin-widget-tinymce textwidget\">\n\t<p><span style=\"color: #c9002f; font-size: 24px;\">Omar Sanneh\u00a0<\/span><\/p>\n<p>Omar\u00a0Sanneh, c\u00e9libataire de 28\u00a0ans vivant \u00e0 Banjul, est le propri\u00e9taire d'Ever\u00a0Fresh\u00a0Vegetables\u00a0Garden. Il a cr\u00e9\u00e9 sa propre entreprise en 2011, mais l'activit\u00e9 a vraiment d\u00e9marr\u00e9 en 2013.<\/p>\n<p>Omar a suivi les cours de Yepafrica intitul\u00e9s \u00ab\u00a0D\u00e9veloppement d'un business plan\u00a0\u00bb et \u00ab\u00a0Fondamentaux du marketing\u00a0\u00bb en 2010 et 2018, respectivement. Apr\u00e8s avoir suivi ces deux cours, il s'est senti en capacit\u00e9 de lancer sa propre activit\u00e9. Il est alors devenu un exemple pour d'autres jeunes.<\/p>\n<p>Exploiter son propre jardin n'est pas toujours facile pour Omar, qui a parfois le sentiment de ne pas avoir les bonnes connaissances techniques. Cette difficult\u00e9 mise \u00e0 part, il pense que sa principale contrainte est la taille de son terrain. En effet, son jardin est relativement petit et il ne peut donc pas \u00e9voluer vers une production \u00e0 grande \u00e9chelle.<\/p>\n<p>Pour contourner ces obstacles, Omar est d\u00e9termin\u00e9 \u00e0 \u00e9laborer un business plan tangible, et il recherche activement des soutiens financiers pour agrandir son terrain. En d\u00e9pit des difficult\u00e9s, Omar appr\u00e9cie de poss\u00e9der sa propre entreprise, car il est ind\u00e9pendant et peut g\u00e9n\u00e9rer des opportunit\u00e9s d'emploi.<\/p>\n<p>Selon lui, la r\u00e9ussite de son entreprise s'explique par sa connaissance, sa passion, sa patience et la confiance qui le lie \u00e0 ses clients.<\/p>\n<\/div>\n<\/div><\/div><\/div><div id=\"pgc-7868-0-1\"  class=\"panel-grid-cell\" ><div id=\"panel-7868-0-1-0\" class=\"so-panel widget widget_sow-image panel-first-child panel-last-child\" data-index=\"1\" ><div\n\t\t\t\n\t\t\tclass=\"so-widget-sow-image so-widget-sow-image-default-8b5b6f678277-7868\"\n\t\t\t\n\t\t>\n<div class=\"sow-image-container\">\n\t\t<img \n\tsrc=\"https:\/\/www.yepafrica.org\/wp-content\/uploads\/2019\/10\/omar.png\" width=\"768\" height=\"1024\" srcset=\"https:\/\/www.yepafrica.org\/wp-content\/uploads\/2019\/10\/omar.png 768w, https:\/\/www.yepafrica.org\/wp-content\/uploads\/2019\/10\/omar-225x300.png 225w, https:\/\/www.yepafrica.org\/wp-content\/uploads\/2019\/10\/omar-600x800.png 600w\" sizes=\"(max-width: 768px) 100vw, 768px\" alt=\"\" \t\tclass=\"so-widget-image\"\/>\n\t<\/div>\n\n<\/div><\/div><\/div><\/div><\/div>","protected":false},"excerpt":{"rendered":"<p>Omar Sanneh, c\u00e9libataire de 28 ans vivant \u00e0 Banjul, est le propri\u00e9taire d&rsquo;Ever Fresh Vegetables Garden. <\/p>\n","protected":false},"author":1,"featured_media":7869,"parent":0,"menu_order":0,"comment_status":"closed","ping_status":"closed","template":"","meta":{"footnotes":""},"class_list":["post-7868","page","type-page","status-publish","has-post-thumbnail","hentry"],"yoast_head":"<!-- This site is optimized with the Yoast SEO plugin v27.5 - https:\/\/yoast.com\/product\/yoast-seo-wordpress\/ -->\n<title>OMAR SANNEH - Yep Africa<\/title>\n<meta name=\"robots\" content=\"index, follow, max-snippet:-1, max-image-preview:large, max-video-preview:-1\" \/>\n<link rel=\"canonical\" href=\"https:\/\/www.yepafrica.org\/fr\/omar-sanneh\/\" \/>\n<meta property=\"og:locale\" content=\"fr_FR\" \/>\n<meta property=\"og:type\" content=\"article\" \/>\n<meta property=\"og:title\" content=\"OMAR SANNEH - Yep Africa\" \/>\n<meta property=\"og:description\" content=\"Omar Sanneh, c\u00e9libataire de 28 ans vivant \u00e0 Banjul, est le propri\u00e9taire d&#039;Ever Fresh Vegetables Garden.\" \/>\n<meta property=\"og:url\" content=\"https:\/\/www.yepafrica.org\/fr\/omar-sanneh\/\" \/>\n<meta property=\"og:site_name\" content=\"Yep Africa\" \/>\n<meta property=\"article:modified_time\" content=\"2020-03-16T15:27:42+00:00\" \/>\n<meta property=\"og:image\" content=\"https:\/\/www.yepafrica.org\/wp-content\/uploads\/2019\/10\/omar-768x1024.png\" \/>\n\t<meta property=\"og:image:width\" content=\"768\" \/>\n\t<meta property=\"og:image:height\" content=\"1024\" \/>\n\t<meta property=\"og:image:type\" content=\"image\/png\" \/>\n<meta name=\"twitter:card\" content=\"summary_large_image\" \/>\n<meta name=\"twitter:label1\" content=\"Dur\u00e9e de lecture estim\u00e9e\" \/>\n\t<meta name=\"twitter:data1\" content=\"1 minute\" \/>\n<script type=\"application\/ld+json\" class=\"yoast-schema-graph\">{\"@context\":\"https:\\\/\\\/schema.org\",\"@graph\":[{\"@type\":\"WebPage\",\"@id\":\"https:\\\/\\\/www.yepafrica.org\\\/fr\\\/omar-sanneh\\\/\",\"url\":\"https:\\\/\\\/www.yepafrica.org\\\/fr\\\/omar-sanneh\\\/\",\"name\":\"OMAR SANNEH - Yep Africa\",\"isPartOf\":{\"@id\":\"https:\\\/\\\/www.yepafrica.org\\\/#website\"},\"primaryImageOfPage\":{\"@id\":\"https:\\\/\\\/www.yepafrica.org\\\/fr\\\/omar-sanneh\\\/#primaryimage\"},\"image\":{\"@id\":\"https:\\\/\\\/www.yepafrica.org\\\/fr\\\/omar-sanneh\\\/#primaryimage\"},\"thumbnailUrl\":\"https:\\\/\\\/www.yepafrica.org\\\/wp-content\\\/uploads\\\/2019\\\/10\\\/omar.png\",\"datePublished\":\"2019-10-27T12:36:46+00:00\",\"dateModified\":\"2020-03-16T15:27:42+00:00\",\"breadcrumb\":{\"@id\":\"https:\\\/\\\/www.yepafrica.org\\\/fr\\\/omar-sanneh\\\/#breadcrumb\"},\"inLanguage\":\"fr-FR\",\"potentialAction\":[{\"@type\":\"ReadAction\",\"target\":[\"https:\\\/\\\/www.yepafrica.org\\\/fr\\\/omar-sanneh\\\/\"]}]},{\"@type\":\"ImageObject\",\"inLanguage\":\"fr-FR\",\"@id\":\"https:\\\/\\\/www.yepafrica.org\\\/fr\\\/omar-sanneh\\\/#primaryimage\",\"url\":\"https:\\\/\\\/www.yepafrica.org\\\/wp-content\\\/uploads\\\/2019\\\/10\\\/omar.png\",\"contentUrl\":\"https:\\\/\\\/www.yepafrica.org\\\/wp-content\\\/uploads\\\/2019\\\/10\\\/omar.png\",\"width\":768,\"height\":1024},{\"@type\":\"BreadcrumbList\",\"@id\":\"https:\\\/\\\/www.yepafrica.org\\\/fr\\\/omar-sanneh\\\/#breadcrumb\",\"itemListElement\":[{\"@type\":\"ListItem\",\"position\":1,\"name\":\"Home\",\"item\":\"https:\\\/\\\/www.yepafrica.org\\\/fr\\\/\"},{\"@type\":\"ListItem\",\"position\":2,\"name\":\"OMAR SANNEH\"}]},{\"@type\":\"WebSite\",\"@id\":\"https:\\\/\\\/www.yepafrica.org\\\/#website\",\"url\":\"https:\\\/\\\/www.yepafrica.org\\\/\",\"name\":\"Yep Africa\",\"description\":\"We empower to be the change\",\"potentialAction\":[{\"@type\":\"SearchAction\",\"target\":{\"@type\":\"EntryPoint\",\"urlTemplate\":\"https:\\\/\\\/www.yepafrica.org\\\/?s={search_term_string}\"},\"query-input\":{\"@type\":\"PropertyValueSpecification\",\"valueRequired\":true,\"valueName\":\"search_term_string\"}}],\"inLanguage\":\"fr-FR\"}]}<\/script>\n<!-- \/ Yoast SEO plugin. -->","yoast_head_json":{"title":"OMAR SANNEH - Yep Africa","robots":{"index":"index","follow":"follow","max-snippet":"max-snippet:-1","max-image-preview":"max-image-preview:large","max-video-preview":"max-video-preview:-1"},"canonical":"https:\/\/www.yepafrica.org\/fr\/omar-sanneh\/","og_locale":"fr_FR","og_type":"article","og_title":"OMAR SANNEH - Yep Africa","og_description":"Omar Sanneh, c\u00e9libataire de 28 ans vivant \u00e0 Banjul, est le propri\u00e9taire d'Ever Fresh Vegetables Garden.","og_url":"https:\/\/www.yepafrica.org\/fr\/omar-sanneh\/","og_site_name":"Yep Africa","article_modified_time":"2020-03-16T15:27:42+00:00","og_image":[{"width":768,"height":1024,"url":"https:\/\/www.yepafrica.org\/wp-content\/uploads\/2019\/10\/omar-768x1024.png","type":"image\/png"}],"twitter_card":"summary_large_image","twitter_misc":{"Dur\u00e9e de lecture estim\u00e9e":"1 minute"},"schema":{"@context":"https:\/\/schema.org","@graph":[{"@type":"WebPage","@id":"https:\/\/www.yepafrica.org\/fr\/omar-sanneh\/","url":"https:\/\/www.yepafrica.org\/fr\/omar-sanneh\/","name":"OMAR SANNEH - Yep Africa","isPartOf":{"@id":"https:\/\/www.yepafrica.org\/#website"},"primaryImageOfPage":{"@id":"https:\/\/www.yepafrica.org\/fr\/omar-sanneh\/#primaryimage"},"image":{"@id":"https:\/\/www.yepafrica.org\/fr\/omar-sanneh\/#primaryimage"},"thumbnailUrl":"https:\/\/www.yepafrica.org\/wp-content\/uploads\/2019\/10\/omar.png","datePublished":"2019-10-27T12:36:46+00:00","dateModified":"2020-03-16T15:27:42+00:00","breadcrumb":{"@id":"https:\/\/www.yepafrica.org\/fr\/omar-sanneh\/#breadcrumb"},"inLanguage":"fr-FR","potentialAction":[{"@type":"ReadAction","target":["https:\/\/www.yepafrica.org\/fr\/omar-sanneh\/"]}]},{"@type":"ImageObject","inLanguage":"fr-FR","@id":"https:\/\/www.yepafrica.org\/fr\/omar-sanneh\/#primaryimage","url":"https:\/\/www.yepafrica.org\/wp-content\/uploads\/2019\/10\/omar.png","contentUrl":"https:\/\/www.yepafrica.org\/wp-content\/uploads\/2019\/10\/omar.png","width":768,"height":1024},{"@type":"BreadcrumbList","@id":"https:\/\/www.yepafrica.org\/fr\/omar-sanneh\/#breadcrumb","itemListElement":[{"@type":"ListItem","position":1,"name":"Home","item":"https:\/\/www.yepafrica.org\/fr\/"},{"@type":"ListItem","position":2,"name":"OMAR SANNEH"}]},{"@type":"WebSite","@id":"https:\/\/www.yepafrica.org\/#website","url":"https:\/\/www.yepafrica.org\/","name":"Yep Africa","description":"We empower to be the change","potentialAction":[{"@type":"SearchAction","target":{"@type":"EntryPoint","urlTemplate":"https:\/\/www.yepafrica.org\/?s={search_term_string}"},"query-input":{"@type":"PropertyValueSpecification","valueRequired":true,"valueName":"search_term_string"}}],"inLanguage":"fr-FR"}]}},"_links":{"self":[{"href":"https:\/\/www.yepafrica.org\/fr\/wp-json\/wp\/v2\/pages\/7868","targetHints":{"allow":["GET"]}}],"collection":[{"href":"https:\/\/www.yepafrica.org\/fr\/wp-json\/wp\/v2\/pages"}],"about":[{"href":"https:\/\/www.yepafrica.org\/fr\/wp-json\/wp\/v2\/types\/page"}],"author":[{"embeddable":true,"href":"https:\/\/www.yepafrica.org\/fr\/wp-json\/wp\/v2\/users\/1"}],"replies":[{"embeddable":true,"href":"https:\/\/www.yepafrica.org\/fr\/wp-json\/wp\/v2\/comments?post=7868"}],"version-history":[{"count":4,"href":"https:\/\/www.yepafrica.org\/fr\/wp-json\/wp\/v2\/pages\/7868\/revisions"}],"predecessor-version":[{"id":8083,"href":"https:\/\/www.yepafrica.org\/fr\/wp-json\/wp\/v2\/pages\/7868\/revisions\/8083"}],"wp:featuredmedia":[{"embeddable":true,"href":"https:\/\/www.yepafrica.org\/fr\/wp-json\/wp\/v2\/media\/7869"}],"wp:attachment":[{"href":"https:\/\/www.yepafrica.org\/fr\/wp-json\/wp\/v2\/media?parent=7868"}],"curies":[{"name":"wp","href":"https:\/\/api.w.org\/{rel}","templated":true}]}}