{"id":7888,"date":"2019-10-27T13:52:37","date_gmt":"2019-10-27T13:52:37","guid":{"rendered":"https:\/\/www.yepafrica.org\/musa-sidibeh\/"},"modified":"2020-03-16T15:21:13","modified_gmt":"2020-03-16T15:21:13","slug":"musa-sidibeh","status":"publish","type":"page","link":"https:\/\/www.yepafrica.org\/fr\/musa-sidibeh\/","title":{"rendered":"MUSA SIDIBEH"},"content":{"rendered":"<div id=\"pl-7888\"  class=\"panel-layout\" ><div id=\"pg-7888-0\"  class=\"panel-grid panel-no-style\" ><div id=\"pgc-7888-0-0\"  class=\"panel-grid-cell\" ><div id=\"panel-7888-0-0-0\" class=\"so-panel widget widget_sow-editor panel-first-child panel-last-child\" data-index=\"0\" ><div\n\t\t\t\n\t\t\tclass=\"so-widget-sow-editor so-widget-sow-editor-base\"\n\t\t\t\n\t\t>\n<div class=\"siteorigin-widget-tinymce textwidget\">\n\t<p><span style=\"color: #c9002f; font-size: 24px;\">Musa Sidibeh<\/span><\/p>\n<p>Musa Sidibeh est un homme mari\u00e9 de 31\u00a0ans vivant \u00e0 Makubaya. Apr\u00e8s \u00eatre rentr\u00e9 de son p\u00e9riple (migration ill\u00e9gale vers l'Europe en passant par la Libye), Musa a mont\u00e9 sa propre entreprise de cosm\u00e9tiques en 2018. Il vend principalement ses produits dans la rue.<\/p>\n<p>Les frustrations li\u00e9es \u00e0 cet aller-retour l'ont pouss\u00e9 \u00e0 cr\u00e9er son entreprise. Il avait la d\u00e9termination et la volont\u00e9 de travailler dur. Son activit\u00e9 a une incidence positive pour sa client\u00e8le, enti\u00e8rement compos\u00e9e de femmes, puisque ses produits sont bons pour leur peau et les font se sentir belles. Musa a suivi le cours \u00ab\u00a0Fondamentaux du marketing\u00a0\u00bb de Yepafrica en\u00a02018. Selon lui, cette formation a influenc\u00e9 le d\u00e9veloppement de son entreprise en lui apportant les connaissances qu'il utilise aujourd'hui.<\/p>\n<p>Malgr\u00e9 ses efforts et sa d\u00e9termination, Musa rencontre des difficult\u00e9s et des obstacles qui freinent son \u00e9volution. Le principal probl\u00e8me, surtout en saison pluvieuse, est le fait qu'il n'a pas de magasin pour vendre ses produits. Il d\u00e9plore aussi un manque de soutien financier, qui l'emp\u00eache de poursuivre son expansion. Pour r\u00e9soudre ces probl\u00e8mes, il s'efforce de trouver un magasin et des solutions financi\u00e8res.<\/p>\n<p>Le cours \u00ab\u00a0Fondamentaux du marketing\u00a0\u00bb lui a aussi appris \u00e0 bien d\u00e9penser ses \u00e9ventuels b\u00e9n\u00e9fices et \u00e0 \u00e9pargner pour consolider la r\u00e9ussite de son entreprise.<\/p>\n<\/div>\n<\/div><\/div><\/div><div id=\"pgc-7888-0-1\"  class=\"panel-grid-cell\" ><div id=\"panel-7888-0-1-0\" class=\"so-panel widget widget_sow-image panel-first-child panel-last-child\" data-index=\"1\" ><div\n\t\t\t\n\t\t\tclass=\"so-widget-sow-image so-widget-sow-image-default-8b5b6f678277-7888\"\n\t\t\t\n\t\t>\n<div class=\"sow-image-container\">\n\t\t<img \n\tsrc=\"https:\/\/www.yepafrica.org\/wp-content\/uploads\/2019\/10\/musah.png\" width=\"452\" height=\"1024\" srcset=\"https:\/\/www.yepafrica.org\/wp-content\/uploads\/2019\/10\/musah.png 452w, https:\/\/www.yepafrica.org\/wp-content\/uploads\/2019\/10\/musah-132x300.png 132w\" sizes=\"(max-width: 452px) 100vw, 452px\" alt=\"\" \t\tclass=\"so-widget-image\"\/>\n\t<\/div>\n\n<\/div><\/div><\/div><\/div><\/div>","protected":false},"excerpt":{"rendered":"<p>Musa Sidibeh est un homme mari\u00e9 de 31 ans vivant \u00e0 Makubaya. <\/p>\n","protected":false},"author":1,"featured_media":7889,"parent":0,"menu_order":0,"comment_status":"closed","ping_status":"closed","template":"","meta":{"footnotes":""},"class_list":["post-7888","page","type-page","status-publish","has-post-thumbnail","hentry"],"yoast_head":"<!-- This site is optimized with the Yoast SEO plugin v27.1.1 - https:\/\/yoast.com\/product\/yoast-seo-wordpress\/ -->\n<title>MUSA SIDIBEH - Yep Africa<\/title>\n<meta name=\"robots\" content=\"index, follow, max-snippet:-1, max-image-preview:large, max-video-preview:-1\" \/>\n<link rel=\"canonical\" href=\"https:\/\/www.yepafrica.org\/fr\/musa-sidibeh\/\" \/>\n<meta property=\"og:locale\" content=\"fr_FR\" \/>\n<meta property=\"og:type\" content=\"article\" \/>\n<meta property=\"og:title\" content=\"MUSA SIDIBEH - Yep Africa\" \/>\n<meta property=\"og:description\" content=\"Musa Sidibeh est un homme mari\u00e9 de 31 ans vivant \u00e0 Makubaya.\" \/>\n<meta property=\"og:url\" content=\"https:\/\/www.yepafrica.org\/fr\/musa-sidibeh\/\" \/>\n<meta property=\"og:site_name\" content=\"Yep Africa\" \/>\n<meta property=\"article:modified_time\" content=\"2020-03-16T15:21:13+00:00\" \/>\n<meta property=\"og:image\" content=\"https:\/\/www.yepafrica.org\/wp-content\/uploads\/2019\/10\/musah.png\" \/>\n\t<meta property=\"og:image:width\" content=\"452\" \/>\n\t<meta property=\"og:image:height\" content=\"1024\" \/>\n\t<meta property=\"og:image:type\" content=\"image\/png\" \/>\n<meta name=\"twitter:card\" content=\"summary_large_image\" \/>\n<meta name=\"twitter:label1\" content=\"Dur\u00e9e de lecture estim\u00e9e\" \/>\n\t<meta name=\"twitter:data1\" content=\"1 minute\" \/>\n<script type=\"application\/ld+json\" class=\"yoast-schema-graph\">{\"@context\":\"https:\/\/schema.org\",\"@graph\":[{\"@type\":\"WebPage\",\"@id\":\"https:\/\/www.yepafrica.org\/fr\/musa-sidibeh\/\",\"url\":\"https:\/\/www.yepafrica.org\/fr\/musa-sidibeh\/\",\"name\":\"MUSA SIDIBEH - Yep Africa\",\"isPartOf\":{\"@id\":\"https:\/\/www.yepafrica.org\/#website\"},\"primaryImageOfPage\":{\"@id\":\"https:\/\/www.yepafrica.org\/fr\/musa-sidibeh\/#primaryimage\"},\"image\":{\"@id\":\"https:\/\/www.yepafrica.org\/fr\/musa-sidibeh\/#primaryimage\"},\"thumbnailUrl\":\"https:\/\/www.yepafrica.org\/wp-content\/uploads\/2019\/10\/musah.png\",\"datePublished\":\"2019-10-27T13:52:37+00:00\",\"dateModified\":\"2020-03-16T15:21:13+00:00\",\"breadcrumb\":{\"@id\":\"https:\/\/www.yepafrica.org\/fr\/musa-sidibeh\/#breadcrumb\"},\"inLanguage\":\"fr-FR\",\"potentialAction\":[{\"@type\":\"ReadAction\",\"target\":[\"https:\/\/www.yepafrica.org\/fr\/musa-sidibeh\/\"]}]},{\"@type\":\"ImageObject\",\"inLanguage\":\"fr-FR\",\"@id\":\"https:\/\/www.yepafrica.org\/fr\/musa-sidibeh\/#primaryimage\",\"url\":\"https:\/\/www.yepafrica.org\/wp-content\/uploads\/2019\/10\/musah.png\",\"contentUrl\":\"https:\/\/www.yepafrica.org\/wp-content\/uploads\/2019\/10\/musah.png\",\"width\":452,\"height\":1024},{\"@type\":\"BreadcrumbList\",\"@id\":\"https:\/\/www.yepafrica.org\/fr\/musa-sidibeh\/#breadcrumb\",\"itemListElement\":[{\"@type\":\"ListItem\",\"position\":1,\"name\":\"Home\",\"item\":\"https:\/\/www.yepafrica.org\/fr\/\"},{\"@type\":\"ListItem\",\"position\":2,\"name\":\"MUSA SIDIBEH\"}]},{\"@type\":\"WebSite\",\"@id\":\"https:\/\/www.yepafrica.org\/#website\",\"url\":\"https:\/\/www.yepafrica.org\/\",\"name\":\"Yep Africa\",\"description\":\"We empower to be the change\",\"potentialAction\":[{\"@type\":\"SearchAction\",\"target\":{\"@type\":\"EntryPoint\",\"urlTemplate\":\"https:\/\/www.yepafrica.org\/?s={search_term_string}\"},\"query-input\":{\"@type\":\"PropertyValueSpecification\",\"valueRequired\":true,\"valueName\":\"search_term_string\"}}],\"inLanguage\":\"fr-FR\"}]}<\/script>\n<!-- \/ Yoast SEO plugin. -->","yoast_head_json":{"title":"MUSA SIDIBEH - Yep Africa","robots":{"index":"index","follow":"follow","max-snippet":"max-snippet:-1","max-image-preview":"max-image-preview:large","max-video-preview":"max-video-preview:-1"},"canonical":"https:\/\/www.yepafrica.org\/fr\/musa-sidibeh\/","og_locale":"fr_FR","og_type":"article","og_title":"MUSA SIDIBEH - Yep Africa","og_description":"Musa Sidibeh est un homme mari\u00e9 de 31 ans vivant \u00e0 Makubaya.","og_url":"https:\/\/www.yepafrica.org\/fr\/musa-sidibeh\/","og_site_name":"Yep Africa","article_modified_time":"2020-03-16T15:21:13+00:00","og_image":[{"width":452,"height":1024,"url":"https:\/\/www.yepafrica.org\/wp-content\/uploads\/2019\/10\/musah.png","type":"image\/png"}],"twitter_card":"summary_large_image","twitter_misc":{"Dur\u00e9e de lecture estim\u00e9e":"1 minute"},"schema":{"@context":"https:\/\/schema.org","@graph":[{"@type":"WebPage","@id":"https:\/\/www.yepafrica.org\/fr\/musa-sidibeh\/","url":"https:\/\/www.yepafrica.org\/fr\/musa-sidibeh\/","name":"MUSA SIDIBEH - Yep Africa","isPartOf":{"@id":"https:\/\/www.yepafrica.org\/#website"},"primaryImageOfPage":{"@id":"https:\/\/www.yepafrica.org\/fr\/musa-sidibeh\/#primaryimage"},"image":{"@id":"https:\/\/www.yepafrica.org\/fr\/musa-sidibeh\/#primaryimage"},"thumbnailUrl":"https:\/\/www.yepafrica.org\/wp-content\/uploads\/2019\/10\/musah.png","datePublished":"2019-10-27T13:52:37+00:00","dateModified":"2020-03-16T15:21:13+00:00","breadcrumb":{"@id":"https:\/\/www.yepafrica.org\/fr\/musa-sidibeh\/#breadcrumb"},"inLanguage":"fr-FR","potentialAction":[{"@type":"ReadAction","target":["https:\/\/www.yepafrica.org\/fr\/musa-sidibeh\/"]}]},{"@type":"ImageObject","inLanguage":"fr-FR","@id":"https:\/\/www.yepafrica.org\/fr\/musa-sidibeh\/#primaryimage","url":"https:\/\/www.yepafrica.org\/wp-content\/uploads\/2019\/10\/musah.png","contentUrl":"https:\/\/www.yepafrica.org\/wp-content\/uploads\/2019\/10\/musah.png","width":452,"height":1024},{"@type":"BreadcrumbList","@id":"https:\/\/www.yepafrica.org\/fr\/musa-sidibeh\/#breadcrumb","itemListElement":[{"@type":"ListItem","position":1,"name":"Home","item":"https:\/\/www.yepafrica.org\/fr\/"},{"@type":"ListItem","position":2,"name":"MUSA SIDIBEH"}]},{"@type":"WebSite","@id":"https:\/\/www.yepafrica.org\/#website","url":"https:\/\/www.yepafrica.org\/","name":"Yep Africa","description":"We empower to be the change","potentialAction":[{"@type":"SearchAction","target":{"@type":"EntryPoint","urlTemplate":"https:\/\/www.yepafrica.org\/?s={search_term_string}"},"query-input":{"@type":"PropertyValueSpecification","valueRequired":true,"valueName":"search_term_string"}}],"inLanguage":"fr-FR"}]}},"_links":{"self":[{"href":"https:\/\/www.yepafrica.org\/fr\/wp-json\/wp\/v2\/pages\/7888","targetHints":{"allow":["GET"]}}],"collection":[{"href":"https:\/\/www.yepafrica.org\/fr\/wp-json\/wp\/v2\/pages"}],"about":[{"href":"https:\/\/www.yepafrica.org\/fr\/wp-json\/wp\/v2\/types\/page"}],"author":[{"embeddable":true,"href":"https:\/\/www.yepafrica.org\/fr\/wp-json\/wp\/v2\/users\/1"}],"replies":[{"embeddable":true,"href":"https:\/\/www.yepafrica.org\/fr\/wp-json\/wp\/v2\/comments?post=7888"}],"version-history":[{"count":6,"href":"https:\/\/www.yepafrica.org\/fr\/wp-json\/wp\/v2\/pages\/7888\/revisions"}],"predecessor-version":[{"id":8079,"href":"https:\/\/www.yepafrica.org\/fr\/wp-json\/wp\/v2\/pages\/7888\/revisions\/8079"}],"wp:featuredmedia":[{"embeddable":true,"href":"https:\/\/www.yepafrica.org\/fr\/wp-json\/wp\/v2\/media\/7889"}],"wp:attachment":[{"href":"https:\/\/www.yepafrica.org\/fr\/wp-json\/wp\/v2\/media?parent=7888"}],"curies":[{"name":"wp","href":"https:\/\/api.w.org\/{rel}","templated":true}]}}