{"id":7900,"date":"2019-10-27T12:24:35","date_gmt":"2019-10-27T12:24:35","guid":{"rendered":"https:\/\/www.yepafrica.org\/tako-badjie-2\/"},"modified":"2020-02-27T11:08:30","modified_gmt":"2020-02-27T11:08:30","slug":"tako-badjie-2","status":"publish","type":"page","link":"https:\/\/www.yepafrica.org\/fr\/tako-badjie-2\/","title":{"rendered":"TAKO BADJIE"},"content":{"rendered":"<div id=\"pl-7900\"  class=\"panel-layout\" ><div id=\"pg-7900-0\"  class=\"panel-grid panel-no-style\" ><div id=\"pgc-7900-0-0\"  class=\"panel-grid-cell\" ><div id=\"panel-7900-0-0-0\" class=\"so-panel widget widget_sow-editor panel-first-child panel-last-child\" data-index=\"0\" ><div\n\t\t\t\n\t\t\tclass=\"so-widget-sow-editor so-widget-sow-editor-base\"\n\t\t\t\n\t\t>\n<div class=\"siteorigin-widget-tinymce textwidget\">\n\t<p><span style=\"color: #c9002f; font-size: 24px;\">Tako Badjie<\/span><\/p>\n<p>Tako Badjie est une c\u00e9libataire de 25\u00a0ans vivant \u00e0 Lamin. Elle g\u00e8re sa propre entreprise de confection depuis\u00a02015. Lorsque vous lui demandez quel est son plus grand r\u00eave, son regard s'illumine pour \u00e9voquer son projet de devenir une cr\u00e9atrice de mode reconnue. Malgr\u00e9 tout, elle est fi\u00e8re d'\u00eatre actuellement ind\u00e9pendante et de poss\u00e9der sa propre entreprise.<\/p>\n<p>Sa passion pour la mode l'a pouss\u00e9e \u00e0 se lancer dans la confection. Elle a toujours aim\u00e9 la mode et a remarqu\u00e9 que les gens s'y int\u00e9ressent plus depuis quelques ann\u00e9es. Elle cr\u00e9e des produits de haute valeur, comme des sacs, des uniformes scolaires et toutes sortes de tenues sur demande.<\/p>\n<p>Selon Tako, les principaux obstacles et d\u00e9fis qu'elle rencontre sont l'absence d'un march\u00e9 fiable et la pression qu'elle subit du fait de ses lacunes. Pour y rem\u00e9dier, elle a l'intention de continuer \u00e0 exploiter les comp\u00e9tences en marketing et en gestion de la client\u00e8le acquises lors du cours \u00ab\u00a0Fondamentaux du marketing\u00a0\u00bb de Yepafrica, qu'elle a suivi en 2018.<\/p>\n<p>Tako compte de nombreux clients satisfaits dans son quartier. Elle cr\u00e9e m\u00eame des pi\u00e8ces pour des clients espagnols.<\/p>\n<\/div>\n<\/div><\/div><\/div><div id=\"pgc-7900-0-1\"  class=\"panel-grid-cell\" ><div id=\"panel-7900-0-1-0\" class=\"so-panel widget widget_sow-image panel-first-child panel-last-child\" data-index=\"1\" ><div\n\t\t\t\n\t\t\tclass=\"so-widget-sow-image so-widget-sow-image-default-8b5b6f678277-7900\"\n\t\t\t\n\t\t>\n<div class=\"sow-image-container\">\n\t\t<img \n\tsrc=\"https:\/\/www.yepafrica.org\/wp-content\/uploads\/2019\/10\/tako.png\" width=\"428\" height=\"467\" srcset=\"https:\/\/www.yepafrica.org\/wp-content\/uploads\/2019\/10\/tako.png 428w, https:\/\/www.yepafrica.org\/wp-content\/uploads\/2019\/10\/tako-275x300.png 275w\" sizes=\"(max-width: 428px) 100vw, 428px\" alt=\"\" \t\tclass=\"so-widget-image\"\/>\n\t<\/div>\n\n<\/div><\/div><\/div><\/div><\/div>","protected":false},"excerpt":{"rendered":"<p>Tako Badjie est une c\u00e9libataire de 25 ans vivant \u00e0 Lamin. <\/p>\n","protected":false},"author":1,"featured_media":7901,"parent":0,"menu_order":0,"comment_status":"closed","ping_status":"closed","template":"","meta":{"footnotes":""},"class_list":["post-7900","page","type-page","status-publish","has-post-thumbnail","hentry"],"yoast_head":"<!-- This site is optimized with the Yoast SEO plugin v27.1.1 - https:\/\/yoast.com\/product\/yoast-seo-wordpress\/ -->\n<title>TAKO BADJIE - Yep Africa<\/title>\n<meta name=\"robots\" content=\"index, follow, max-snippet:-1, max-image-preview:large, max-video-preview:-1\" \/>\n<link rel=\"canonical\" href=\"https:\/\/www.yepafrica.org\/fr\/tako-badjie-2\/\" \/>\n<meta property=\"og:locale\" content=\"fr_FR\" \/>\n<meta property=\"og:type\" content=\"article\" \/>\n<meta property=\"og:title\" content=\"TAKO BADJIE - Yep Africa\" \/>\n<meta property=\"og:description\" content=\"Tako Badjie est une c\u00e9libataire de 25 ans vivant \u00e0 Lamin.\" \/>\n<meta property=\"og:url\" content=\"https:\/\/www.yepafrica.org\/fr\/tako-badjie-2\/\" \/>\n<meta property=\"og:site_name\" content=\"Yep Africa\" \/>\n<meta property=\"article:modified_time\" content=\"2020-02-27T11:08:30+00:00\" \/>\n<meta property=\"og:image\" content=\"https:\/\/www.yepafrica.org\/wp-content\/uploads\/2019\/10\/tako.png\" \/>\n\t<meta property=\"og:image:width\" content=\"428\" \/>\n\t<meta property=\"og:image:height\" content=\"467\" \/>\n\t<meta property=\"og:image:type\" content=\"image\/png\" \/>\n<meta name=\"twitter:card\" content=\"summary_large_image\" \/>\n<meta name=\"twitter:label1\" content=\"Dur\u00e9e de lecture estim\u00e9e\" \/>\n\t<meta name=\"twitter:data1\" content=\"1 minute\" \/>\n<script type=\"application\/ld+json\" class=\"yoast-schema-graph\">{\"@context\":\"https:\/\/schema.org\",\"@graph\":[{\"@type\":\"WebPage\",\"@id\":\"https:\/\/www.yepafrica.org\/fr\/tako-badjie-2\/\",\"url\":\"https:\/\/www.yepafrica.org\/fr\/tako-badjie-2\/\",\"name\":\"TAKO BADJIE - Yep Africa\",\"isPartOf\":{\"@id\":\"https:\/\/www.yepafrica.org\/#website\"},\"primaryImageOfPage\":{\"@id\":\"https:\/\/www.yepafrica.org\/fr\/tako-badjie-2\/#primaryimage\"},\"image\":{\"@id\":\"https:\/\/www.yepafrica.org\/fr\/tako-badjie-2\/#primaryimage\"},\"thumbnailUrl\":\"https:\/\/www.yepafrica.org\/wp-content\/uploads\/2019\/10\/tako.png\",\"datePublished\":\"2019-10-27T12:24:35+00:00\",\"dateModified\":\"2020-02-27T11:08:30+00:00\",\"breadcrumb\":{\"@id\":\"https:\/\/www.yepafrica.org\/fr\/tako-badjie-2\/#breadcrumb\"},\"inLanguage\":\"fr-FR\",\"potentialAction\":[{\"@type\":\"ReadAction\",\"target\":[\"https:\/\/www.yepafrica.org\/fr\/tako-badjie-2\/\"]}]},{\"@type\":\"ImageObject\",\"inLanguage\":\"fr-FR\",\"@id\":\"https:\/\/www.yepafrica.org\/fr\/tako-badjie-2\/#primaryimage\",\"url\":\"https:\/\/www.yepafrica.org\/wp-content\/uploads\/2019\/10\/tako.png\",\"contentUrl\":\"https:\/\/www.yepafrica.org\/wp-content\/uploads\/2019\/10\/tako.png\",\"width\":428,\"height\":467},{\"@type\":\"BreadcrumbList\",\"@id\":\"https:\/\/www.yepafrica.org\/fr\/tako-badjie-2\/#breadcrumb\",\"itemListElement\":[{\"@type\":\"ListItem\",\"position\":1,\"name\":\"Home\",\"item\":\"https:\/\/www.yepafrica.org\/fr\/\"},{\"@type\":\"ListItem\",\"position\":2,\"name\":\"TAKO BADJIE\"}]},{\"@type\":\"WebSite\",\"@id\":\"https:\/\/www.yepafrica.org\/#website\",\"url\":\"https:\/\/www.yepafrica.org\/\",\"name\":\"Yep Africa\",\"description\":\"We empower to be the change\",\"potentialAction\":[{\"@type\":\"SearchAction\",\"target\":{\"@type\":\"EntryPoint\",\"urlTemplate\":\"https:\/\/www.yepafrica.org\/?s={search_term_string}\"},\"query-input\":{\"@type\":\"PropertyValueSpecification\",\"valueRequired\":true,\"valueName\":\"search_term_string\"}}],\"inLanguage\":\"fr-FR\"}]}<\/script>\n<!-- \/ Yoast SEO plugin. -->","yoast_head_json":{"title":"TAKO BADJIE - Yep Africa","robots":{"index":"index","follow":"follow","max-snippet":"max-snippet:-1","max-image-preview":"max-image-preview:large","max-video-preview":"max-video-preview:-1"},"canonical":"https:\/\/www.yepafrica.org\/fr\/tako-badjie-2\/","og_locale":"fr_FR","og_type":"article","og_title":"TAKO BADJIE - Yep Africa","og_description":"Tako Badjie est une c\u00e9libataire de 25 ans vivant \u00e0 Lamin.","og_url":"https:\/\/www.yepafrica.org\/fr\/tako-badjie-2\/","og_site_name":"Yep Africa","article_modified_time":"2020-02-27T11:08:30+00:00","og_image":[{"width":428,"height":467,"url":"https:\/\/www.yepafrica.org\/wp-content\/uploads\/2019\/10\/tako.png","type":"image\/png"}],"twitter_card":"summary_large_image","twitter_misc":{"Dur\u00e9e de lecture estim\u00e9e":"1 minute"},"schema":{"@context":"https:\/\/schema.org","@graph":[{"@type":"WebPage","@id":"https:\/\/www.yepafrica.org\/fr\/tako-badjie-2\/","url":"https:\/\/www.yepafrica.org\/fr\/tako-badjie-2\/","name":"TAKO BADJIE - Yep Africa","isPartOf":{"@id":"https:\/\/www.yepafrica.org\/#website"},"primaryImageOfPage":{"@id":"https:\/\/www.yepafrica.org\/fr\/tako-badjie-2\/#primaryimage"},"image":{"@id":"https:\/\/www.yepafrica.org\/fr\/tako-badjie-2\/#primaryimage"},"thumbnailUrl":"https:\/\/www.yepafrica.org\/wp-content\/uploads\/2019\/10\/tako.png","datePublished":"2019-10-27T12:24:35+00:00","dateModified":"2020-02-27T11:08:30+00:00","breadcrumb":{"@id":"https:\/\/www.yepafrica.org\/fr\/tako-badjie-2\/#breadcrumb"},"inLanguage":"fr-FR","potentialAction":[{"@type":"ReadAction","target":["https:\/\/www.yepafrica.org\/fr\/tako-badjie-2\/"]}]},{"@type":"ImageObject","inLanguage":"fr-FR","@id":"https:\/\/www.yepafrica.org\/fr\/tako-badjie-2\/#primaryimage","url":"https:\/\/www.yepafrica.org\/wp-content\/uploads\/2019\/10\/tako.png","contentUrl":"https:\/\/www.yepafrica.org\/wp-content\/uploads\/2019\/10\/tako.png","width":428,"height":467},{"@type":"BreadcrumbList","@id":"https:\/\/www.yepafrica.org\/fr\/tako-badjie-2\/#breadcrumb","itemListElement":[{"@type":"ListItem","position":1,"name":"Home","item":"https:\/\/www.yepafrica.org\/fr\/"},{"@type":"ListItem","position":2,"name":"TAKO BADJIE"}]},{"@type":"WebSite","@id":"https:\/\/www.yepafrica.org\/#website","url":"https:\/\/www.yepafrica.org\/","name":"Yep Africa","description":"We empower to be the change","potentialAction":[{"@type":"SearchAction","target":{"@type":"EntryPoint","urlTemplate":"https:\/\/www.yepafrica.org\/?s={search_term_string}"},"query-input":{"@type":"PropertyValueSpecification","valueRequired":true,"valueName":"search_term_string"}}],"inLanguage":"fr-FR"}]}},"_links":{"self":[{"href":"https:\/\/www.yepafrica.org\/fr\/wp-json\/wp\/v2\/pages\/7900","targetHints":{"allow":["GET"]}}],"collection":[{"href":"https:\/\/www.yepafrica.org\/fr\/wp-json\/wp\/v2\/pages"}],"about":[{"href":"https:\/\/www.yepafrica.org\/fr\/wp-json\/wp\/v2\/types\/page"}],"author":[{"embeddable":true,"href":"https:\/\/www.yepafrica.org\/fr\/wp-json\/wp\/v2\/users\/1"}],"replies":[{"embeddable":true,"href":"https:\/\/www.yepafrica.org\/fr\/wp-json\/wp\/v2\/comments?post=7900"}],"version-history":[{"count":6,"href":"https:\/\/www.yepafrica.org\/fr\/wp-json\/wp\/v2\/pages\/7900\/revisions"}],"predecessor-version":[{"id":7922,"href":"https:\/\/www.yepafrica.org\/fr\/wp-json\/wp\/v2\/pages\/7900\/revisions\/7922"}],"wp:featuredmedia":[{"embeddable":true,"href":"https:\/\/www.yepafrica.org\/fr\/wp-json\/wp\/v2\/media\/7901"}],"wp:attachment":[{"href":"https:\/\/www.yepafrica.org\/fr\/wp-json\/wp\/v2\/media?parent=7900"}],"curies":[{"name":"wp","href":"https:\/\/api.w.org\/{rel}","templated":true}]}}