{"id":7908,"date":"2019-10-27T11:42:47","date_gmt":"2019-10-27T11:42:47","guid":{"rendered":"https:\/\/www.yepafrica.org\/foday-drammeh\/"},"modified":"2020-03-16T15:50:47","modified_gmt":"2020-03-16T15:50:47","slug":"foday-drammeh","status":"publish","type":"page","link":"https:\/\/www.yepafrica.org\/fr\/foday-drammeh\/","title":{"rendered":"FODAY DRAMMEH"},"content":{"rendered":"<div id=\"pl-7908\"  class=\"panel-layout\" ><div id=\"pg-7908-0\"  class=\"panel-grid panel-no-style\" ><div id=\"pgc-7908-0-0\"  class=\"panel-grid-cell\" ><div id=\"panel-7908-0-0-0\" class=\"so-panel widget widget_sow-editor panel-first-child panel-last-child\" data-index=\"0\" ><div\n\t\t\t\n\t\t\tclass=\"so-widget-sow-editor so-widget-sow-editor-base\"\n\t\t\t\n\t\t>\n<div class=\"siteorigin-widget-tinymce textwidget\">\n\t<p><span style=\"color: #c9002f; font-size: 24px;\">Foday Drammeh<\/span><\/p>\n<p>Foday Drammeh est un homme mari\u00e9 de 36\u00a0ans vivant \u00e0 Sukuta. Il travaille actuellement \u00e0 son compte en tant que g\u00e9rant d'un centre de soins de sant\u00e9. Bien qu'il aime son travail actuel, il r\u00eave de devenir un homme d'affaires et un entrepreneur accompli pour aider ses compatriotes.<\/p>\n<p>Auparavant, Foday travaillait dans une pharmacie. C'est ce qui l'a incit\u00e9 \u00e0 mettre en place son propre centre de soins. \u00c0 pr\u00e9sent, il propose des services de soins de sant\u00e9 \u00e0 la communaut\u00e9 de Bafuloto. Son entreprise est prosp\u00e8re, car il offre des soins de qualit\u00e9 \u00e0 des tarifs abordables, dont de nombreuses personnes peuvent par cons\u00e9quent b\u00e9n\u00e9ficier au sein de la communaut\u00e9.<\/p>\n<p>Selon Foday, les cours \u00ab\u00a0Fondamentaux du marketing\u00a0\u00bb et \u00ab\u00a0D\u00e9veloppement d'un business plan\u00a0\u00bb de Yepafrica, qu'il a suivis en 2017, ont contribu\u00e9 \u00e0 sa r\u00e9ussite.<\/p>\n<p>Malgr\u00e9 ses comp\u00e9tences et le soutien de son \u00e9pouse, Foday rencontre des difficult\u00e9s et des obstacles qui l'emp\u00eachent d'accomplir correctement son travail\u00a0; le gouvernement ne lui a pas d\u00e9livr\u00e9 les documents dont il a besoin. Il pr\u00e9voit de rencontrer les bonnes personnes pour obtenir ces documents, afin de surmonter ces difficult\u00e9s, de compl\u00e9ter son dossier, puis de poursuivre son travail en vue d'accomplir ses r\u00eaves.<\/p>\n<p>Outre les comp\u00e9tences acquises lors des cours de formation, Foday assure avoir pu compter sur le merveilleux soutien de sa femme.<\/p>\n<\/div>\n<\/div><\/div><\/div><div id=\"pgc-7908-0-1\"  class=\"panel-grid-cell\" ><div id=\"panel-7908-0-1-0\" class=\"so-panel widget widget_sow-image panel-first-child panel-last-child\" data-index=\"1\" ><div\n\t\t\t\n\t\t\tclass=\"so-widget-sow-image so-widget-sow-image-default-8b5b6f678277-7908\"\n\t\t\t\n\t\t>\n<div class=\"sow-image-container\">\n\t\t<img \n\tsrc=\"https:\/\/www.yepafrica.org\/wp-content\/uploads\/2019\/10\/foday.png\" width=\"900\" height=\"1080\" srcset=\"https:\/\/www.yepafrica.org\/wp-content\/uploads\/2019\/10\/foday.png 900w, https:\/\/www.yepafrica.org\/wp-content\/uploads\/2019\/10\/foday-250x300.png 250w, https:\/\/www.yepafrica.org\/wp-content\/uploads\/2019\/10\/foday-768x922.png 768w, https:\/\/www.yepafrica.org\/wp-content\/uploads\/2019\/10\/foday-853x1024.png 853w, https:\/\/www.yepafrica.org\/wp-content\/uploads\/2019\/10\/foday-600x720.png 600w\" sizes=\"(max-width: 900px) 100vw, 900px\" alt=\"\" \t\tclass=\"so-widget-image\"\/>\n\t<\/div>\n\n<\/div><\/div><\/div><\/div><\/div>","protected":false},"excerpt":{"rendered":"<p>Foday Drammeh est un homme mari\u00e9 de 36 ans vivant \u00e0 Sukuta. <\/p>\n","protected":false},"author":1,"featured_media":7909,"parent":0,"menu_order":0,"comment_status":"closed","ping_status":"closed","template":"","meta":{"footnotes":""},"class_list":["post-7908","page","type-page","status-publish","has-post-thumbnail","hentry"],"yoast_head":"<!-- This site is optimized with the Yoast SEO plugin v27.5 - https:\/\/yoast.com\/product\/yoast-seo-wordpress\/ -->\n<title>FODAY DRAMMEH - Yep Africa<\/title>\n<meta name=\"robots\" content=\"index, follow, max-snippet:-1, max-image-preview:large, max-video-preview:-1\" \/>\n<link rel=\"canonical\" href=\"https:\/\/www.yepafrica.org\/fr\/foday-drammeh\/\" \/>\n<meta property=\"og:locale\" content=\"fr_FR\" \/>\n<meta property=\"og:type\" content=\"article\" \/>\n<meta property=\"og:title\" content=\"FODAY DRAMMEH - Yep Africa\" \/>\n<meta property=\"og:description\" content=\"Foday Drammeh est un homme mari\u00e9 de 36 ans vivant \u00e0 Sukuta.\" \/>\n<meta property=\"og:url\" content=\"https:\/\/www.yepafrica.org\/fr\/foday-drammeh\/\" \/>\n<meta property=\"og:site_name\" content=\"Yep Africa\" \/>\n<meta property=\"article:modified_time\" content=\"2020-03-16T15:50:47+00:00\" \/>\n<meta property=\"og:image\" content=\"https:\/\/www.yepafrica.org\/wp-content\/uploads\/2019\/10\/foday.png\" \/>\n\t<meta property=\"og:image:width\" content=\"900\" \/>\n\t<meta property=\"og:image:height\" content=\"1080\" \/>\n\t<meta property=\"og:image:type\" content=\"image\/png\" \/>\n<meta name=\"twitter:card\" content=\"summary_large_image\" \/>\n<meta name=\"twitter:label1\" content=\"Dur\u00e9e de lecture estim\u00e9e\" \/>\n\t<meta name=\"twitter:data1\" content=\"1 minute\" \/>\n<script type=\"application\/ld+json\" class=\"yoast-schema-graph\">{\"@context\":\"https:\\\/\\\/schema.org\",\"@graph\":[{\"@type\":\"WebPage\",\"@id\":\"https:\\\/\\\/www.yepafrica.org\\\/fr\\\/foday-drammeh\\\/\",\"url\":\"https:\\\/\\\/www.yepafrica.org\\\/fr\\\/foday-drammeh\\\/\",\"name\":\"FODAY DRAMMEH - Yep Africa\",\"isPartOf\":{\"@id\":\"https:\\\/\\\/www.yepafrica.org\\\/#website\"},\"primaryImageOfPage\":{\"@id\":\"https:\\\/\\\/www.yepafrica.org\\\/fr\\\/foday-drammeh\\\/#primaryimage\"},\"image\":{\"@id\":\"https:\\\/\\\/www.yepafrica.org\\\/fr\\\/foday-drammeh\\\/#primaryimage\"},\"thumbnailUrl\":\"https:\\\/\\\/www.yepafrica.org\\\/wp-content\\\/uploads\\\/2019\\\/10\\\/foday.png\",\"datePublished\":\"2019-10-27T11:42:47+00:00\",\"dateModified\":\"2020-03-16T15:50:47+00:00\",\"breadcrumb\":{\"@id\":\"https:\\\/\\\/www.yepafrica.org\\\/fr\\\/foday-drammeh\\\/#breadcrumb\"},\"inLanguage\":\"fr-FR\",\"potentialAction\":[{\"@type\":\"ReadAction\",\"target\":[\"https:\\\/\\\/www.yepafrica.org\\\/fr\\\/foday-drammeh\\\/\"]}]},{\"@type\":\"ImageObject\",\"inLanguage\":\"fr-FR\",\"@id\":\"https:\\\/\\\/www.yepafrica.org\\\/fr\\\/foday-drammeh\\\/#primaryimage\",\"url\":\"https:\\\/\\\/www.yepafrica.org\\\/wp-content\\\/uploads\\\/2019\\\/10\\\/foday.png\",\"contentUrl\":\"https:\\\/\\\/www.yepafrica.org\\\/wp-content\\\/uploads\\\/2019\\\/10\\\/foday.png\",\"width\":900,\"height\":1080},{\"@type\":\"BreadcrumbList\",\"@id\":\"https:\\\/\\\/www.yepafrica.org\\\/fr\\\/foday-drammeh\\\/#breadcrumb\",\"itemListElement\":[{\"@type\":\"ListItem\",\"position\":1,\"name\":\"Home\",\"item\":\"https:\\\/\\\/www.yepafrica.org\\\/fr\\\/\"},{\"@type\":\"ListItem\",\"position\":2,\"name\":\"FODAY DRAMMEH\"}]},{\"@type\":\"WebSite\",\"@id\":\"https:\\\/\\\/www.yepafrica.org\\\/#website\",\"url\":\"https:\\\/\\\/www.yepafrica.org\\\/\",\"name\":\"Yep Africa\",\"description\":\"We empower to be the change\",\"potentialAction\":[{\"@type\":\"SearchAction\",\"target\":{\"@type\":\"EntryPoint\",\"urlTemplate\":\"https:\\\/\\\/www.yepafrica.org\\\/?s={search_term_string}\"},\"query-input\":{\"@type\":\"PropertyValueSpecification\",\"valueRequired\":true,\"valueName\":\"search_term_string\"}}],\"inLanguage\":\"fr-FR\"}]}<\/script>\n<!-- \/ Yoast SEO plugin. -->","yoast_head_json":{"title":"FODAY DRAMMEH - Yep Africa","robots":{"index":"index","follow":"follow","max-snippet":"max-snippet:-1","max-image-preview":"max-image-preview:large","max-video-preview":"max-video-preview:-1"},"canonical":"https:\/\/www.yepafrica.org\/fr\/foday-drammeh\/","og_locale":"fr_FR","og_type":"article","og_title":"FODAY DRAMMEH - Yep Africa","og_description":"Foday Drammeh est un homme mari\u00e9 de 36 ans vivant \u00e0 Sukuta.","og_url":"https:\/\/www.yepafrica.org\/fr\/foday-drammeh\/","og_site_name":"Yep Africa","article_modified_time":"2020-03-16T15:50:47+00:00","og_image":[{"width":900,"height":1080,"url":"https:\/\/www.yepafrica.org\/wp-content\/uploads\/2019\/10\/foday.png","type":"image\/png"}],"twitter_card":"summary_large_image","twitter_misc":{"Dur\u00e9e de lecture estim\u00e9e":"1 minute"},"schema":{"@context":"https:\/\/schema.org","@graph":[{"@type":"WebPage","@id":"https:\/\/www.yepafrica.org\/fr\/foday-drammeh\/","url":"https:\/\/www.yepafrica.org\/fr\/foday-drammeh\/","name":"FODAY DRAMMEH - Yep Africa","isPartOf":{"@id":"https:\/\/www.yepafrica.org\/#website"},"primaryImageOfPage":{"@id":"https:\/\/www.yepafrica.org\/fr\/foday-drammeh\/#primaryimage"},"image":{"@id":"https:\/\/www.yepafrica.org\/fr\/foday-drammeh\/#primaryimage"},"thumbnailUrl":"https:\/\/www.yepafrica.org\/wp-content\/uploads\/2019\/10\/foday.png","datePublished":"2019-10-27T11:42:47+00:00","dateModified":"2020-03-16T15:50:47+00:00","breadcrumb":{"@id":"https:\/\/www.yepafrica.org\/fr\/foday-drammeh\/#breadcrumb"},"inLanguage":"fr-FR","potentialAction":[{"@type":"ReadAction","target":["https:\/\/www.yepafrica.org\/fr\/foday-drammeh\/"]}]},{"@type":"ImageObject","inLanguage":"fr-FR","@id":"https:\/\/www.yepafrica.org\/fr\/foday-drammeh\/#primaryimage","url":"https:\/\/www.yepafrica.org\/wp-content\/uploads\/2019\/10\/foday.png","contentUrl":"https:\/\/www.yepafrica.org\/wp-content\/uploads\/2019\/10\/foday.png","width":900,"height":1080},{"@type":"BreadcrumbList","@id":"https:\/\/www.yepafrica.org\/fr\/foday-drammeh\/#breadcrumb","itemListElement":[{"@type":"ListItem","position":1,"name":"Home","item":"https:\/\/www.yepafrica.org\/fr\/"},{"@type":"ListItem","position":2,"name":"FODAY DRAMMEH"}]},{"@type":"WebSite","@id":"https:\/\/www.yepafrica.org\/#website","url":"https:\/\/www.yepafrica.org\/","name":"Yep Africa","description":"We empower to be the change","potentialAction":[{"@type":"SearchAction","target":{"@type":"EntryPoint","urlTemplate":"https:\/\/www.yepafrica.org\/?s={search_term_string}"},"query-input":{"@type":"PropertyValueSpecification","valueRequired":true,"valueName":"search_term_string"}}],"inLanguage":"fr-FR"}]}},"_links":{"self":[{"href":"https:\/\/www.yepafrica.org\/fr\/wp-json\/wp\/v2\/pages\/7908","targetHints":{"allow":["GET"]}}],"collection":[{"href":"https:\/\/www.yepafrica.org\/fr\/wp-json\/wp\/v2\/pages"}],"about":[{"href":"https:\/\/www.yepafrica.org\/fr\/wp-json\/wp\/v2\/types\/page"}],"author":[{"embeddable":true,"href":"https:\/\/www.yepafrica.org\/fr\/wp-json\/wp\/v2\/users\/1"}],"replies":[{"embeddable":true,"href":"https:\/\/www.yepafrica.org\/fr\/wp-json\/wp\/v2\/comments?post=7908"}],"version-history":[{"count":6,"href":"https:\/\/www.yepafrica.org\/fr\/wp-json\/wp\/v2\/pages\/7908\/revisions"}],"predecessor-version":[{"id":8103,"href":"https:\/\/www.yepafrica.org\/fr\/wp-json\/wp\/v2\/pages\/7908\/revisions\/8103"}],"wp:featuredmedia":[{"embeddable":true,"href":"https:\/\/www.yepafrica.org\/fr\/wp-json\/wp\/v2\/media\/7909"}],"wp:attachment":[{"href":"https:\/\/www.yepafrica.org\/fr\/wp-json\/wp\/v2\/media?parent=7908"}],"curies":[{"name":"wp","href":"https:\/\/api.w.org\/{rel}","templated":true}]}}