{"id":7945,"date":"2019-10-27T08:58:25","date_gmt":"2019-10-27T08:58:25","guid":{"rendered":"https:\/\/www.yepafrica.org\/edriss-muhamad-l\/"},"modified":"2020-02-27T11:19:21","modified_gmt":"2020-02-27T11:19:21","slug":"edriss-muhamad-l","status":"publish","type":"page","link":"https:\/\/www.yepafrica.org\/fr\/edriss-muhamad-l\/","title":{"rendered":"EDRISS MUHAMAD L .MANNEH"},"content":{"rendered":"<div id=\"pl-7945\"  class=\"panel-layout\" ><div id=\"pg-7945-0\"  class=\"panel-grid panel-no-style\" ><div id=\"pgc-7945-0-0\"  class=\"panel-grid-cell\" ><div id=\"panel-7945-0-0-0\" class=\"so-panel widget widget_sow-editor panel-first-child panel-last-child\" data-index=\"0\" ><div\n\t\t\t\n\t\t\tclass=\"so-widget-sow-editor so-widget-sow-editor-base\"\n\t\t\t\n\t\t>\n<div class=\"siteorigin-widget-tinymce textwidget\">\n\t<p><span style=\"color: #c9002f; font-size: 24px;\">Edriss Muhamad L.<\/span><\/p>\n<p>Manneh est un jeune panafricain de 28 ans. C'est un travailleur humanitaire exp\u00e9riment\u00e9, qualifi\u00e9 et investi, sp\u00e9cialis\u00e9 dans des domaines tels que<br \/>\nles bulletins d'urgence, l'\u00e9valuation rapide, la cartographie des march\u00e9s d'urgence, l'analyse des options de r\u00e9ponse et la programmation des transferts mon\u00e9taires.<\/p>\n<p>Il travaille actuellement pour l'organisation Gambia National Disaster Management Agency en tant que responsable des TIC et des syst\u00e8mes d'information g\u00e9ographique. En 2014\/2015, il a int\u00e9gr\u00e9 le personnel de la Banque mondiale dans le cadre d'un projet de d\u00e9veloppement rurbain social, en tant que responsable de la gestion des donn\u00e9es g\u00e9ographiques et agent de support informatique. Cette exp\u00e9rience lui a appris \u00e0 planifier, mettre en \u0153uvre, \u00e9valuer et rendre compte de programmes assurant \u00e0 la fois une assistance d'urgence imm\u00e9diate et un d\u00e9veloppement local durable.<\/p>\n<p>Edriss a coordonn\u00e9 la distribution de denr\u00e9es et de compl\u00e9ments alimentaires de base et d'une assistance logistique et technique \u00e0 des ONG et des organes des Nations unies. Il raconte : \u00ab Cette exp\u00e9rience dans le domaine de l'aide humanitaire m'a donn\u00e9 des connaissances et une perspective utiles dans les situations d'urgence humanitaire. Elle m'a aussi fait comprendre l'importance de mettre en place des programmes de d\u00e9veloppement communautaire durables. \u00bb<\/p>\n<p>Edriss a rejoint Yepafrica en 2012 gr\u00e2ce \u00e0 son fr\u00e8re Alhasan, qui lui a expliqu\u00e9 la philosophie de l'organisation.  Edriss explique qu'il n'a pas h\u00e9sit\u00e9 \u00e0 demander un formulaire d'inscription qui lui permettrait de faire partie d'une organisation susceptible de changer des vies. Selon lui, Yepafrica avait une port\u00e9e bien plus large qu'il ne le pensait. Cette organisation a m\u00eame boulevers\u00e9 sa vie, sa fa\u00e7on de penser et sa mani\u00e8re d'agir, et cela a eu un \u00e9norme impact.<\/p>\n<\/div>\n<\/div><\/div><\/div><div id=\"pgc-7945-0-1\"  class=\"panel-grid-cell\" ><div id=\"panel-7945-0-1-0\" class=\"so-panel widget widget_sow-image panel-first-child panel-last-child\" data-index=\"1\" ><div\n\t\t\t\n\t\t\tclass=\"so-widget-sow-image so-widget-sow-image-default-8b5b6f678277-7945\"\n\t\t\t\n\t\t>\n<div class=\"sow-image-container\">\n\t\t<img \n\tsrc=\"https:\/\/www.yepafrica.org\/wp-content\/uploads\/2019\/10\/edris.png\" width=\"312\" height=\"324\" srcset=\"https:\/\/www.yepafrica.org\/wp-content\/uploads\/2019\/10\/edris.png 312w, https:\/\/www.yepafrica.org\/wp-content\/uploads\/2019\/10\/edris-289x300.png 289w\" sizes=\"(max-width: 312px) 100vw, 312px\" alt=\"\" \t\tclass=\"so-widget-image\"\/>\n\t<\/div>\n\n<\/div><\/div><\/div><\/div><\/div>","protected":false},"excerpt":{"rendered":"<p>Manneh est un jeune panafricain de 28 ans. <\/p>\n","protected":false},"author":1,"featured_media":7946,"parent":0,"menu_order":0,"comment_status":"closed","ping_status":"closed","template":"","meta":{"footnotes":""},"class_list":["post-7945","page","type-page","status-publish","has-post-thumbnail","hentry"],"yoast_head":"<!-- This site is optimized with the Yoast SEO plugin v27.1.1 - https:\/\/yoast.com\/product\/yoast-seo-wordpress\/ -->\n<title>EDRISS MUHAMAD L .MANNEH - Yep Africa<\/title>\n<meta name=\"robots\" content=\"index, follow, max-snippet:-1, max-image-preview:large, max-video-preview:-1\" \/>\n<link rel=\"canonical\" href=\"https:\/\/www.yepafrica.org\/fr\/edriss-muhamad-l\/\" \/>\n<meta property=\"og:locale\" content=\"fr_FR\" \/>\n<meta property=\"og:type\" content=\"article\" \/>\n<meta property=\"og:title\" content=\"EDRISS MUHAMAD L .MANNEH - Yep Africa\" \/>\n<meta property=\"og:description\" content=\"Manneh est un jeune panafricain de 28 ans.\" \/>\n<meta property=\"og:url\" content=\"https:\/\/www.yepafrica.org\/fr\/edriss-muhamad-l\/\" \/>\n<meta property=\"og:site_name\" content=\"Yep Africa\" \/>\n<meta property=\"article:modified_time\" content=\"2020-02-27T11:19:21+00:00\" \/>\n<meta property=\"og:image\" content=\"https:\/\/www.yepafrica.org\/wp-content\/uploads\/2019\/10\/edris.png\" \/>\n\t<meta property=\"og:image:width\" content=\"312\" \/>\n\t<meta property=\"og:image:height\" content=\"324\" \/>\n\t<meta property=\"og:image:type\" content=\"image\/png\" \/>\n<meta name=\"twitter:card\" content=\"summary_large_image\" \/>\n<meta name=\"twitter:label1\" content=\"Dur\u00e9e de lecture estim\u00e9e\" \/>\n\t<meta name=\"twitter:data1\" content=\"2 minutes\" \/>\n<script type=\"application\/ld+json\" class=\"yoast-schema-graph\">{\"@context\":\"https:\/\/schema.org\",\"@graph\":[{\"@type\":\"WebPage\",\"@id\":\"https:\/\/www.yepafrica.org\/fr\/edriss-muhamad-l\/\",\"url\":\"https:\/\/www.yepafrica.org\/fr\/edriss-muhamad-l\/\",\"name\":\"EDRISS MUHAMAD L .MANNEH - Yep Africa\",\"isPartOf\":{\"@id\":\"https:\/\/www.yepafrica.org\/#website\"},\"primaryImageOfPage\":{\"@id\":\"https:\/\/www.yepafrica.org\/fr\/edriss-muhamad-l\/#primaryimage\"},\"image\":{\"@id\":\"https:\/\/www.yepafrica.org\/fr\/edriss-muhamad-l\/#primaryimage\"},\"thumbnailUrl\":\"https:\/\/www.yepafrica.org\/wp-content\/uploads\/2019\/10\/edris.png\",\"datePublished\":\"2019-10-27T08:58:25+00:00\",\"dateModified\":\"2020-02-27T11:19:21+00:00\",\"breadcrumb\":{\"@id\":\"https:\/\/www.yepafrica.org\/fr\/edriss-muhamad-l\/#breadcrumb\"},\"inLanguage\":\"fr-FR\",\"potentialAction\":[{\"@type\":\"ReadAction\",\"target\":[\"https:\/\/www.yepafrica.org\/fr\/edriss-muhamad-l\/\"]}]},{\"@type\":\"ImageObject\",\"inLanguage\":\"fr-FR\",\"@id\":\"https:\/\/www.yepafrica.org\/fr\/edriss-muhamad-l\/#primaryimage\",\"url\":\"https:\/\/www.yepafrica.org\/wp-content\/uploads\/2019\/10\/edris.png\",\"contentUrl\":\"https:\/\/www.yepafrica.org\/wp-content\/uploads\/2019\/10\/edris.png\",\"width\":312,\"height\":324},{\"@type\":\"BreadcrumbList\",\"@id\":\"https:\/\/www.yepafrica.org\/fr\/edriss-muhamad-l\/#breadcrumb\",\"itemListElement\":[{\"@type\":\"ListItem\",\"position\":1,\"name\":\"Home\",\"item\":\"https:\/\/www.yepafrica.org\/fr\/\"},{\"@type\":\"ListItem\",\"position\":2,\"name\":\"EDRISS MUHAMAD L .MANNEH\"}]},{\"@type\":\"WebSite\",\"@id\":\"https:\/\/www.yepafrica.org\/#website\",\"url\":\"https:\/\/www.yepafrica.org\/\",\"name\":\"Yep Africa\",\"description\":\"We empower to be the change\",\"potentialAction\":[{\"@type\":\"SearchAction\",\"target\":{\"@type\":\"EntryPoint\",\"urlTemplate\":\"https:\/\/www.yepafrica.org\/?s={search_term_string}\"},\"query-input\":{\"@type\":\"PropertyValueSpecification\",\"valueRequired\":true,\"valueName\":\"search_term_string\"}}],\"inLanguage\":\"fr-FR\"}]}<\/script>\n<!-- \/ Yoast SEO plugin. -->","yoast_head_json":{"title":"EDRISS MUHAMAD L .MANNEH - Yep Africa","robots":{"index":"index","follow":"follow","max-snippet":"max-snippet:-1","max-image-preview":"max-image-preview:large","max-video-preview":"max-video-preview:-1"},"canonical":"https:\/\/www.yepafrica.org\/fr\/edriss-muhamad-l\/","og_locale":"fr_FR","og_type":"article","og_title":"EDRISS MUHAMAD L .MANNEH - Yep Africa","og_description":"Manneh est un jeune panafricain de 28 ans.","og_url":"https:\/\/www.yepafrica.org\/fr\/edriss-muhamad-l\/","og_site_name":"Yep Africa","article_modified_time":"2020-02-27T11:19:21+00:00","og_image":[{"width":312,"height":324,"url":"https:\/\/www.yepafrica.org\/wp-content\/uploads\/2019\/10\/edris.png","type":"image\/png"}],"twitter_card":"summary_large_image","twitter_misc":{"Dur\u00e9e de lecture estim\u00e9e":"2 minutes"},"schema":{"@context":"https:\/\/schema.org","@graph":[{"@type":"WebPage","@id":"https:\/\/www.yepafrica.org\/fr\/edriss-muhamad-l\/","url":"https:\/\/www.yepafrica.org\/fr\/edriss-muhamad-l\/","name":"EDRISS MUHAMAD L .MANNEH - Yep Africa","isPartOf":{"@id":"https:\/\/www.yepafrica.org\/#website"},"primaryImageOfPage":{"@id":"https:\/\/www.yepafrica.org\/fr\/edriss-muhamad-l\/#primaryimage"},"image":{"@id":"https:\/\/www.yepafrica.org\/fr\/edriss-muhamad-l\/#primaryimage"},"thumbnailUrl":"https:\/\/www.yepafrica.org\/wp-content\/uploads\/2019\/10\/edris.png","datePublished":"2019-10-27T08:58:25+00:00","dateModified":"2020-02-27T11:19:21+00:00","breadcrumb":{"@id":"https:\/\/www.yepafrica.org\/fr\/edriss-muhamad-l\/#breadcrumb"},"inLanguage":"fr-FR","potentialAction":[{"@type":"ReadAction","target":["https:\/\/www.yepafrica.org\/fr\/edriss-muhamad-l\/"]}]},{"@type":"ImageObject","inLanguage":"fr-FR","@id":"https:\/\/www.yepafrica.org\/fr\/edriss-muhamad-l\/#primaryimage","url":"https:\/\/www.yepafrica.org\/wp-content\/uploads\/2019\/10\/edris.png","contentUrl":"https:\/\/www.yepafrica.org\/wp-content\/uploads\/2019\/10\/edris.png","width":312,"height":324},{"@type":"BreadcrumbList","@id":"https:\/\/www.yepafrica.org\/fr\/edriss-muhamad-l\/#breadcrumb","itemListElement":[{"@type":"ListItem","position":1,"name":"Home","item":"https:\/\/www.yepafrica.org\/fr\/"},{"@type":"ListItem","position":2,"name":"EDRISS MUHAMAD L .MANNEH"}]},{"@type":"WebSite","@id":"https:\/\/www.yepafrica.org\/#website","url":"https:\/\/www.yepafrica.org\/","name":"Yep Africa","description":"We empower to be the change","potentialAction":[{"@type":"SearchAction","target":{"@type":"EntryPoint","urlTemplate":"https:\/\/www.yepafrica.org\/?s={search_term_string}"},"query-input":{"@type":"PropertyValueSpecification","valueRequired":true,"valueName":"search_term_string"}}],"inLanguage":"fr-FR"}]}},"_links":{"self":[{"href":"https:\/\/www.yepafrica.org\/fr\/wp-json\/wp\/v2\/pages\/7945","targetHints":{"allow":["GET"]}}],"collection":[{"href":"https:\/\/www.yepafrica.org\/fr\/wp-json\/wp\/v2\/pages"}],"about":[{"href":"https:\/\/www.yepafrica.org\/fr\/wp-json\/wp\/v2\/types\/page"}],"author":[{"embeddable":true,"href":"https:\/\/www.yepafrica.org\/fr\/wp-json\/wp\/v2\/users\/1"}],"replies":[{"embeddable":true,"href":"https:\/\/www.yepafrica.org\/fr\/wp-json\/wp\/v2\/comments?post=7945"}],"version-history":[{"count":2,"href":"https:\/\/www.yepafrica.org\/fr\/wp-json\/wp\/v2\/pages\/7945\/revisions"}],"predecessor-version":[{"id":7950,"href":"https:\/\/www.yepafrica.org\/fr\/wp-json\/wp\/v2\/pages\/7945\/revisions\/7950"}],"wp:featuredmedia":[{"embeddable":true,"href":"https:\/\/www.yepafrica.org\/fr\/wp-json\/wp\/v2\/media\/7946"}],"wp:attachment":[{"href":"https:\/\/www.yepafrica.org\/fr\/wp-json\/wp\/v2\/media?parent=7945"}],"curies":[{"name":"wp","href":"https:\/\/api.w.org\/{rel}","templated":true}]}}