{"id":7830,"date":"2019-10-27T14:00:40","date_gmt":"2019-10-27T14:00:40","guid":{"rendered":"https:\/\/www.yepafrica.org\/bakary-sanyang\/"},"modified":"2020-03-16T15:43:52","modified_gmt":"2020-03-16T15:43:52","slug":"bakary-sanyang","status":"publish","type":"page","link":"https:\/\/www.yepafrica.org\/nl\/bakary-sanyang\/","title":{"rendered":"BAKARY SANYANG"},"content":{"rendered":"<div id=\"pl-7830\"  class=\"panel-layout\" ><div id=\"pg-7830-0\"  class=\"panel-grid panel-no-style\" ><div id=\"pgc-7830-0-0\"  class=\"panel-grid-cell\" ><div id=\"panel-7830-0-0-0\" class=\"so-panel widget widget_sow-editor panel-first-child panel-last-child\" data-index=\"0\" ><div\n\t\t\t\n\t\t\tclass=\"so-widget-sow-editor so-widget-sow-editor-base\"\n\t\t\t\n\t\t>\n<div class=\"siteorigin-widget-tinymce textwidget\">\n\t<p><span style=\"color: #c9002f; font-size: 24px;\">Bakary Sanyang<\/span><\/p>\n<p>Bakary Sanyang is een alleenstaande man van 37 jaar. Hij woont in Kwinella. Bakary is een van de veelbelovende ondernemers en eigenaren van de in 2016 gevestigde onderneming Sony Organic. Bakary\u2019s bedrijf maakt biologische producten op basis van natuurlijke ingredi\u00ebnten, zoals alo\u00eb vera en bijenwas.<\/p>\n<p>De voornaamste producten zijn huidoli\u00ebn, haarcr\u00e8mes en biologische geneesmiddelen. Naast het maken van biologische producten is Bakary ge\u00efnteresseerd in tuinieren. Zijn droom is om te blijven groeien binnen de sector biologische producten en tuinieren. Er bestaat grote interesse voor zijn producten omdat ze effectief zijn in het bestrijden van huidinfecties en -ziekten.<\/p>\n<p>Het succes van Bakary\u2019s bedrijf en van hemzelf als ondernemer is te danken aan het feit dat mensen gezond willen zijn. Bakary\u2019s producten helpen ze daarbij. De belangrijkste uitdagingen en obstakels die Bakary tegenkomt, hebben te maken met de mogelijkheden om zijn producten op grotere schaal te produceren en distribueren. Daarnaast heeft Bakary niet voldoende kapitaal om zijn bedrijfsactiviteiten uit te breiden. Hij probeert deze uitdagingen te overwinnen door zoveel mogelijk producten te produceren, distribueren en verkopen.<\/p>\n<p>Bakary zegt dat hij bij het verder ontwikkelen van zijn bedrijf veel heeft gehad aan de kennis die hij over marketingontwikkeling heeft opgedaan tijdens de cursus Marketing Essentials (Fundamenten van Marketing) van Yepafrica.<\/p>\n<p>Voor nog verdere groei van zijn onderneming denkt Bakary dat mensen bewust moeten worden gemaakt van hoe belangrijk het is om biologische en niet-chemische producten te gebruiken.<\/p>\n<\/div>\n<\/div><\/div><\/div><div id=\"pgc-7830-0-1\"  class=\"panel-grid-cell\" ><div id=\"panel-7830-0-1-0\" class=\"so-panel widget widget_sow-image panel-first-child panel-last-child\" data-index=\"1\" ><div\n\t\t\t\n\t\t\tclass=\"so-widget-sow-image so-widget-sow-image-default-8b5b6f678277-7830\"\n\t\t\t\n\t\t>\n<div class=\"sow-image-container\">\n\t\t<img \n\tsrc=\"https:\/\/www.yepafrica.org\/wp-content\/uploads\/2019\/10\/bakary.png\" width=\"608\" height=\"683\" srcset=\"https:\/\/www.yepafrica.org\/wp-content\/uploads\/2019\/10\/bakary.png 608w, https:\/\/www.yepafrica.org\/wp-content\/uploads\/2019\/10\/bakary-267x300.png 267w, https:\/\/www.yepafrica.org\/wp-content\/uploads\/2019\/10\/bakary-600x674.png 600w\" sizes=\"(max-width: 608px) 100vw, 608px\" alt=\"\" \t\tclass=\"so-widget-image\"\/>\n\t<\/div>\n\n<\/div><\/div><\/div><\/div><\/div>","protected":false},"excerpt":{"rendered":"<p>Bakary Sanyang is a 37 years old single man who is nowadays living in Kwinellaand. He is one of the promising entrepreneurs and proprietors of Sony Organic which was founded in 2016. <\/p>\n","protected":false},"author":1,"featured_media":7831,"parent":0,"menu_order":0,"comment_status":"closed","ping_status":"closed","template":"","meta":{"footnotes":""},"class_list":["post-7830","page","type-page","status-publish","has-post-thumbnail","hentry"],"yoast_head":"<!-- This site is optimized with the Yoast SEO plugin v27.1.1 - https:\/\/yoast.com\/product\/yoast-seo-wordpress\/ -->\n<title>BAKARY SANYANG - Yep Africa<\/title>\n<meta name=\"robots\" content=\"index, follow, max-snippet:-1, max-image-preview:large, max-video-preview:-1\" \/>\n<link rel=\"canonical\" href=\"https:\/\/www.yepafrica.org\/nl\/bakary-sanyang\/\" \/>\n<meta property=\"og:locale\" content=\"nl_NL\" \/>\n<meta property=\"og:type\" content=\"article\" \/>\n<meta property=\"og:title\" content=\"BAKARY SANYANG - Yep Africa\" \/>\n<meta property=\"og:description\" content=\"Bakary Sanyang is a 37 years old single man who is nowadays living in Kwinellaand. He is one of the promising entrepreneurs and proprietors of Sony Organic which was founded in 2016.\" \/>\n<meta property=\"og:url\" content=\"https:\/\/www.yepafrica.org\/nl\/bakary-sanyang\/\" \/>\n<meta property=\"og:site_name\" content=\"Yep Africa\" \/>\n<meta property=\"article:modified_time\" content=\"2020-03-16T15:43:52+00:00\" \/>\n<meta property=\"og:image\" content=\"https:\/\/www.yepafrica.org\/wp-content\/uploads\/2019\/10\/bakary.png\" \/>\n\t<meta property=\"og:image:width\" content=\"608\" \/>\n\t<meta property=\"og:image:height\" content=\"683\" \/>\n\t<meta property=\"og:image:type\" content=\"image\/png\" \/>\n<meta name=\"twitter:card\" content=\"summary_large_image\" \/>\n<meta name=\"twitter:label1\" content=\"Geschatte leestijd\" \/>\n\t<meta name=\"twitter:data1\" content=\"1 minuut\" \/>\n<script type=\"application\/ld+json\" class=\"yoast-schema-graph\">{\"@context\":\"https:\/\/schema.org\",\"@graph\":[{\"@type\":\"WebPage\",\"@id\":\"https:\/\/www.yepafrica.org\/nl\/bakary-sanyang\/\",\"url\":\"https:\/\/www.yepafrica.org\/nl\/bakary-sanyang\/\",\"name\":\"BAKARY SANYANG - Yep Africa\",\"isPartOf\":{\"@id\":\"https:\/\/www.yepafrica.org\/#website\"},\"primaryImageOfPage\":{\"@id\":\"https:\/\/www.yepafrica.org\/nl\/bakary-sanyang\/#primaryimage\"},\"image\":{\"@id\":\"https:\/\/www.yepafrica.org\/nl\/bakary-sanyang\/#primaryimage\"},\"thumbnailUrl\":\"https:\/\/www.yepafrica.org\/wp-content\/uploads\/2019\/10\/bakary.png\",\"datePublished\":\"2019-10-27T14:00:40+00:00\",\"dateModified\":\"2020-03-16T15:43:52+00:00\",\"breadcrumb\":{\"@id\":\"https:\/\/www.yepafrica.org\/nl\/bakary-sanyang\/#breadcrumb\"},\"inLanguage\":\"nl-NL\",\"potentialAction\":[{\"@type\":\"ReadAction\",\"target\":[\"https:\/\/www.yepafrica.org\/nl\/bakary-sanyang\/\"]}]},{\"@type\":\"ImageObject\",\"inLanguage\":\"nl-NL\",\"@id\":\"https:\/\/www.yepafrica.org\/nl\/bakary-sanyang\/#primaryimage\",\"url\":\"https:\/\/www.yepafrica.org\/wp-content\/uploads\/2019\/10\/bakary.png\",\"contentUrl\":\"https:\/\/www.yepafrica.org\/wp-content\/uploads\/2019\/10\/bakary.png\",\"width\":608,\"height\":683},{\"@type\":\"BreadcrumbList\",\"@id\":\"https:\/\/www.yepafrica.org\/nl\/bakary-sanyang\/#breadcrumb\",\"itemListElement\":[{\"@type\":\"ListItem\",\"position\":1,\"name\":\"Home\",\"item\":\"https:\/\/www.yepafrica.org\/nl\/\"},{\"@type\":\"ListItem\",\"position\":2,\"name\":\"BAKARY SANYANG\"}]},{\"@type\":\"WebSite\",\"@id\":\"https:\/\/www.yepafrica.org\/#website\",\"url\":\"https:\/\/www.yepafrica.org\/\",\"name\":\"Yep Africa\",\"description\":\"We empower to be the change\",\"potentialAction\":[{\"@type\":\"SearchAction\",\"target\":{\"@type\":\"EntryPoint\",\"urlTemplate\":\"https:\/\/www.yepafrica.org\/?s={search_term_string}\"},\"query-input\":{\"@type\":\"PropertyValueSpecification\",\"valueRequired\":true,\"valueName\":\"search_term_string\"}}],\"inLanguage\":\"nl-NL\"}]}<\/script>\n<!-- \/ Yoast SEO plugin. -->","yoast_head_json":{"title":"BAKARY SANYANG - Yep Africa","robots":{"index":"index","follow":"follow","max-snippet":"max-snippet:-1","max-image-preview":"max-image-preview:large","max-video-preview":"max-video-preview:-1"},"canonical":"https:\/\/www.yepafrica.org\/nl\/bakary-sanyang\/","og_locale":"nl_NL","og_type":"article","og_title":"BAKARY SANYANG - Yep Africa","og_description":"Bakary Sanyang is a 37 years old single man who is nowadays living in Kwinellaand. He is one of the promising entrepreneurs and proprietors of Sony Organic which was founded in 2016.","og_url":"https:\/\/www.yepafrica.org\/nl\/bakary-sanyang\/","og_site_name":"Yep Africa","article_modified_time":"2020-03-16T15:43:52+00:00","og_image":[{"width":608,"height":683,"url":"https:\/\/www.yepafrica.org\/wp-content\/uploads\/2019\/10\/bakary.png","type":"image\/png"}],"twitter_card":"summary_large_image","twitter_misc":{"Geschatte leestijd":"1 minuut"},"schema":{"@context":"https:\/\/schema.org","@graph":[{"@type":"WebPage","@id":"https:\/\/www.yepafrica.org\/nl\/bakary-sanyang\/","url":"https:\/\/www.yepafrica.org\/nl\/bakary-sanyang\/","name":"BAKARY SANYANG - Yep Africa","isPartOf":{"@id":"https:\/\/www.yepafrica.org\/#website"},"primaryImageOfPage":{"@id":"https:\/\/www.yepafrica.org\/nl\/bakary-sanyang\/#primaryimage"},"image":{"@id":"https:\/\/www.yepafrica.org\/nl\/bakary-sanyang\/#primaryimage"},"thumbnailUrl":"https:\/\/www.yepafrica.org\/wp-content\/uploads\/2019\/10\/bakary.png","datePublished":"2019-10-27T14:00:40+00:00","dateModified":"2020-03-16T15:43:52+00:00","breadcrumb":{"@id":"https:\/\/www.yepafrica.org\/nl\/bakary-sanyang\/#breadcrumb"},"inLanguage":"nl-NL","potentialAction":[{"@type":"ReadAction","target":["https:\/\/www.yepafrica.org\/nl\/bakary-sanyang\/"]}]},{"@type":"ImageObject","inLanguage":"nl-NL","@id":"https:\/\/www.yepafrica.org\/nl\/bakary-sanyang\/#primaryimage","url":"https:\/\/www.yepafrica.org\/wp-content\/uploads\/2019\/10\/bakary.png","contentUrl":"https:\/\/www.yepafrica.org\/wp-content\/uploads\/2019\/10\/bakary.png","width":608,"height":683},{"@type":"BreadcrumbList","@id":"https:\/\/www.yepafrica.org\/nl\/bakary-sanyang\/#breadcrumb","itemListElement":[{"@type":"ListItem","position":1,"name":"Home","item":"https:\/\/www.yepafrica.org\/nl\/"},{"@type":"ListItem","position":2,"name":"BAKARY SANYANG"}]},{"@type":"WebSite","@id":"https:\/\/www.yepafrica.org\/#website","url":"https:\/\/www.yepafrica.org\/","name":"Yep Africa","description":"We empower to be the change","potentialAction":[{"@type":"SearchAction","target":{"@type":"EntryPoint","urlTemplate":"https:\/\/www.yepafrica.org\/?s={search_term_string}"},"query-input":{"@type":"PropertyValueSpecification","valueRequired":true,"valueName":"search_term_string"}}],"inLanguage":"nl-NL"}]}},"_links":{"self":[{"href":"https:\/\/www.yepafrica.org\/nl\/wp-json\/wp\/v2\/pages\/7830","targetHints":{"allow":["GET"]}}],"collection":[{"href":"https:\/\/www.yepafrica.org\/nl\/wp-json\/wp\/v2\/pages"}],"about":[{"href":"https:\/\/www.yepafrica.org\/nl\/wp-json\/wp\/v2\/types\/page"}],"author":[{"embeddable":true,"href":"https:\/\/www.yepafrica.org\/nl\/wp-json\/wp\/v2\/users\/1"}],"replies":[{"embeddable":true,"href":"https:\/\/www.yepafrica.org\/nl\/wp-json\/wp\/v2\/comments?post=7830"}],"version-history":[{"count":3,"href":"https:\/\/www.yepafrica.org\/nl\/wp-json\/wp\/v2\/pages\/7830\/revisions"}],"predecessor-version":[{"id":8093,"href":"https:\/\/www.yepafrica.org\/nl\/wp-json\/wp\/v2\/pages\/7830\/revisions\/8093"}],"wp:featuredmedia":[{"embeddable":true,"href":"https:\/\/www.yepafrica.org\/nl\/wp-json\/wp\/v2\/media\/7831"}],"wp:attachment":[{"href":"https:\/\/www.yepafrica.org\/nl\/wp-json\/wp\/v2\/media?parent=7830"}],"curies":[{"name":"wp","href":"https:\/\/api.w.org\/{rel}","templated":true}]}}